{"id":45,"date":"2023-04-09T08:39:44","date_gmt":"2023-04-09T08:39:44","guid":{"rendered":"http:\/\/www.duygubakir.com\/index.php\/front_page\/"},"modified":"2025-04-13T20:25:37","modified_gmt":"2025-04-13T20:25:37","slug":"front_page","status":"publish","type":"page","link":"https:\/\/www.duygubakir.com\/","title":{"rendered":"Home"},"content":{"rendered":"\t\t<div data-elementor-type=\"wp-page\" data-elementor-id=\"45\" class=\"elementor elementor-45\">\n\t\t\t\t\t\t\t\t\t<section class=\"elementor-section elementor-top-section elementor-element elementor-element-a7b28ca elementor-section-boxed elementor-section-height-default elementor-section-height-default\" data-id=\"a7b28ca\" data-element_type=\"section\">\n\t\t\t\t\t\t<div class=\"elementor-container elementor-column-gap-default\">\n\t\t\t\t\t<div class=\"elementor-column elementor-col-100 elementor-top-column elementor-element elementor-element-d6efa22\" data-id=\"d6efa22\" data-element_type=\"column\">\n\t\t\t<div class=\"elementor-widget-wrap elementor-element-populated\">\n\t\t\t\t\t\t\t\t<div class=\"elementor-element elementor-element-d193257 elementor-widget elementor-widget-image\" data-id=\"d193257\" data-element_type=\"widget\" data-widget_type=\"image.default\">\n\t\t\t\t<div class=\"elementor-widget-container\">\n\t\t\t<style>\/*! elementor - v3.12.1 - 02-04-2023 *\/\n.elementor-widget-image{text-align:center}.elementor-widget-image a{display:inline-block}.elementor-widget-image a img[src$=\".svg\"]{width:48px}.elementor-widget-image img{vertical-align:middle;display:inline-block}<\/style>\t\t\t\t\t\t\t\t\t\t\t\t<img loading=\"lazy\" decoding=\"async\" width=\"2560\" height=\"1920\" src=\"https:\/\/www.duygubakir.com\/wp-content\/uploads\/2024\/10\/IMG-20241003-WA0002.jpg\" class=\"attachment-full size-full wp-image-345\" alt=\"\" srcset=\"https:\/\/www.duygubakir.com\/wp-content\/uploads\/2024\/10\/IMG-20241003-WA0002.jpg 2560w, https:\/\/www.duygubakir.com\/wp-content\/uploads\/2024\/10\/IMG-20241003-WA0002-300x225.jpg 300w, https:\/\/www.duygubakir.com\/wp-content\/uploads\/2024\/10\/IMG-20241003-WA0002-1024x768.jpg 1024w, https:\/\/www.duygubakir.com\/wp-content\/uploads\/2024\/10\/IMG-20241003-WA0002-768x576.jpg 768w, https:\/\/www.duygubakir.com\/wp-content\/uploads\/2024\/10\/IMG-20241003-WA0002-1536x1152.jpg 1536w, https:\/\/www.duygubakir.com\/wp-content\/uploads\/2024\/10\/IMG-20241003-WA0002-2048x1536.jpg 2048w, https:\/\/www.duygubakir.com\/wp-content\/uploads\/2024\/10\/IMG-20241003-WA0002-1440x1080.jpg 1440w\" sizes=\"(max-width: 2560px) 100vw, 2560px\" \/>\t\t\t\t\t\t\t\t\t\t\t\t\t\t\t<\/div>\n\t\t\t\t<\/div>\n\t\t\t\t\t<\/div>\n\t\t<\/div>\n\t\t\t\t\t\t\t<\/div>\n\t\t<\/section>\n\t\t\t\t<section class=\"elementor-section elementor-top-section elementor-element elementor-element-8c5db20 elementor-section-boxed elementor-section-height-default elementor-section-height-default\" data-id=\"8c5db20\" data-element_type=\"section\">\n\t\t\t\t\t\t<div class=\"elementor-container elementor-column-gap-default\">\n\t\t\t\t\t<div class=\"elementor-column elementor-col-100 elementor-top-column elementor-element elementor-element-6f6be3e\" data-id=\"6f6be3e\" data-element_type=\"column\">\n\t\t\t<div class=\"elementor-widget-wrap elementor-element-populated\">\n\t\t\t\t\t\t\t\t<div class=\"elementor-element elementor-element-edd40cd elementor-widget elementor-widget-text-editor\" data-id=\"edd40cd\" data-element_type=\"widget\" data-widget_type=\"text-editor.default\">\n\t\t\t\t<div class=\"elementor-widget-container\">\n\t\t\t<style>\/*! elementor - v3.12.1 - 02-04-2023 *\/\n.elementor-widget-text-editor.elementor-drop-cap-view-stacked .elementor-drop-cap{background-color:#69727d;color:#fff}.elementor-widget-text-editor.elementor-drop-cap-view-framed .elementor-drop-cap{color:#69727d;border:3px solid;background-color:transparent}.elementor-widget-text-editor:not(.elementor-drop-cap-view-default) .elementor-drop-cap{margin-top:8px}.elementor-widget-text-editor:not(.elementor-drop-cap-view-default) .elementor-drop-cap-letter{width:1em;height:1em}.elementor-widget-text-editor .elementor-drop-cap{float:left;text-align:center;line-height:1;font-size:50px}.elementor-widget-text-editor .elementor-drop-cap-letter{display:inline-block}<\/style>\t\t\t\t<p>Bu sitedeki i\u00e7erik ve yaz\u0131lar sadece bilgilendirme ama\u00e7l\u0131d\u0131r.<\/p>\t\t\t\t\t\t<\/div>\n\t\t\t\t<\/div>\n\t\t\t\t\t<\/div>\n\t\t<\/div>\n\t\t\t\t\t\t\t<\/div>\n\t\t<\/section>\n\t\t\t\t\t\t\t<\/div>\n\t\t","protected":false},"excerpt":{"rendered":"<p>Bu sitedeki i\u00e7erik ve yaz\u0131lar sadece bilgilendirme ama\u00e7l\u0131d\u0131r.<\/p>\n","protected":false},"author":1,"featured_media":0,"parent":0,"menu_order":0,"comment_status":"closed","ping_status":"closed","template":"","meta":{"saved_in_kubio":false,"_joinchat":[],"footnotes":""},"class_list":["post-45","page","type-page","status-publish","hentry"],"kubio_ai_page_context":{"short_desc":"","purpose":"general"},"_links":{"self":[{"href":"https:\/\/www.duygubakir.com\/index.php\/wp-json\/wp\/v2\/pages\/45","targetHints":{"allow":["GET"]}}],"collection":[{"href":"https:\/\/www.duygubakir.com\/index.php\/wp-json\/wp\/v2\/pages"}],"about":[{"href":"https:\/\/www.duygubakir.com\/index.php\/wp-json\/wp\/v2\/types\/page"}],"author":[{"embeddable":true,"href":"https:\/\/www.duygubakir.com\/index.php\/wp-json\/wp\/v2\/users\/1"}],"replies":[{"embeddable":true,"href":"https:\/\/www.duygubakir.com\/index.php\/wp-json\/wp\/v2\/comments?post=45"}],"version-history":[{"count":6,"href":"https:\/\/www.duygubakir.com\/index.php\/wp-json\/wp\/v2\/pages\/45\/revisions"}],"predecessor-version":[{"id":555,"href":"https:\/\/www.duygubakir.com\/index.php\/wp-json\/wp\/v2\/pages\/45\/revisions\/555"}],"wp:attachment":[{"href":"https:\/\/www.duygubakir.com\/index.php\/wp-json\/wp\/v2\/media?parent=45"}],"curies":[{"name":"wp","href":"https:\/\/api.w.org\/{rel}","templated":true}]}}