{"id":210,"date":"2023-04-22T19:29:05","date_gmt":"2023-04-22T19:29:05","guid":{"rendered":"http:\/\/www.duygubakir.com\/?page_id=210"},"modified":"2023-04-22T20:10:14","modified_gmt":"2023-04-22T20:10:14","slug":"emdr-terapisi","status":"publish","type":"page","link":"https:\/\/www.duygubakir.com\/index.php\/emdr-terapisi\/","title":{"rendered":"Emdr Terapisi"},"content":{"rendered":"\t\t<div data-elementor-type=\"wp-page\" data-elementor-id=\"210\" class=\"elementor elementor-210\">\n\t\t\t\t\t\t\t\t\t<section class=\"elementor-section elementor-top-section elementor-element elementor-element-0cde166 elementor-section-boxed elementor-section-height-default elementor-section-height-default\" data-id=\"0cde166\" data-element_type=\"section\">\n\t\t\t\t\t\t<div class=\"elementor-container elementor-column-gap-default\">\n\t\t\t\t\t<div class=\"elementor-column elementor-col-50 elementor-top-column elementor-element elementor-element-85ffd4d\" data-id=\"85ffd4d\" data-element_type=\"column\">\n\t\t\t<div class=\"elementor-widget-wrap elementor-element-populated\">\n\t\t\t\t\t\t\t\t<div class=\"elementor-element elementor-element-0444766 elementor-widget elementor-widget-image\" data-id=\"0444766\" data-element_type=\"widget\" data-widget_type=\"image.default\">\n\t\t\t\t<div class=\"elementor-widget-container\">\n\t\t\t<style>\/*! elementor - v3.12.1 - 02-04-2023 *\/\n.elementor-widget-image{text-align:center}.elementor-widget-image a{display:inline-block}.elementor-widget-image a img[src$=\".svg\"]{width:48px}.elementor-widget-image img{vertical-align:middle;display:inline-block}<\/style>\t\t\t\t\t\t\t\t\t\t\t\t<img loading=\"lazy\" decoding=\"async\" width=\"882\" height=\"564\" src=\"https:\/\/www.duygubakir.com\/wp-content\/uploads\/2023\/04\/emdr.jpg\" class=\"attachment-large size-large wp-image-239\" alt=\"\" srcset=\"https:\/\/www.duygubakir.com\/wp-content\/uploads\/2023\/04\/emdr.jpg 882w, https:\/\/www.duygubakir.com\/wp-content\/uploads\/2023\/04\/emdr-300x192.jpg 300w, https:\/\/www.duygubakir.com\/wp-content\/uploads\/2023\/04\/emdr-768x491.jpg 768w\" sizes=\"(max-width: 882px) 100vw, 882px\" \/>\t\t\t\t\t\t\t\t\t\t\t\t\t\t\t<\/div>\n\t\t\t\t<\/div>\n\t\t\t\t\t<\/div>\n\t\t<\/div>\n\t\t\t\t<div class=\"elementor-column elementor-col-50 elementor-top-column elementor-element elementor-element-0bbf527\" data-id=\"0bbf527\" data-element_type=\"column\">\n\t\t\t<div class=\"elementor-widget-wrap elementor-element-populated\">\n\t\t\t\t\t\t\t\t<div class=\"elementor-element elementor-element-6b0eeb1 elementor-widget elementor-widget-text-editor\" data-id=\"6b0eeb1\" data-element_type=\"widget\" data-widget_type=\"text-editor.default\">\n\t\t\t\t<div class=\"elementor-widget-container\">\n\t\t\t<style>\/*! elementor - v3.12.1 - 02-04-2023 *\/\n.elementor-widget-text-editor.elementor-drop-cap-view-stacked .elementor-drop-cap{background-color:#69727d;color:#fff}.elementor-widget-text-editor.elementor-drop-cap-view-framed .elementor-drop-cap{color:#69727d;border:3px solid;background-color:transparent}.elementor-widget-text-editor:not(.elementor-drop-cap-view-default) .elementor-drop-cap{margin-top:8px}.elementor-widget-text-editor:not(.elementor-drop-cap-view-default) .elementor-drop-cap-letter{width:1em;height:1em}.elementor-widget-text-editor .elementor-drop-cap{float:left;text-align:center;line-height:1;font-size:50px}.elementor-widget-text-editor .elementor-drop-cap-letter{display:inline-block}<\/style>\t\t\t\t<p><span style=\"color: rgb(34, 34, 34); font-family: Arial, Helvetica, sans-serif; font-size: small; background-color: rgb(255, 255, 255);\">EMDR Terapisi, <b>g\u00f6z hareketleriyle duyars\u0131zla\u015ft\u0131rma ve yeniden i\u015fleme<\/b>, g\u00fc\u00e7l\u00fc bir psikoterapi yakla\u015f\u0131m\u0131d\u0131r.<\/span><\/p><p><span style=\"font-weight: var( --e-global-typography-text-font-weight ); background-color: rgb(255, 255, 255); color: rgb(34, 34, 34); font-family: Arial, Helvetica, sans-serif; font-size: small;\"><br><\/span><\/p><p><span style=\"font-weight: var( --e-global-typography-text-font-weight ); background-color: rgb(255, 255, 255); color: rgb(34, 34, 34); font-family: Arial, Helvetica, sans-serif; font-size: small;\">EMDR&#8217; ye g\u00f6re rahats\u0131zl\u0131klar\u0131n temelinde <\/span><span style=\"background-color: rgb(255, 255, 255); color: rgb(34, 34, 34); font-family: Arial, Helvetica, sans-serif; font-size: small;\"><b>travmatik ya\u015fant\u0131lar ve \u00e7ocukluk d\u00f6neminden itibaren bizi rahats\u0131z eden ya\u015fam olaylar\u0131<\/b><\/span><span style=\"font-weight: var( --e-global-typography-text-font-weight ); background-color: rgb(255, 255, 255); color: rgb(34, 34, 34); font-family: Arial, Helvetica, sans-serif; font-size: small;\">n\u0131n i\u015flenmemi\u015f an\u0131lar olarak depolanmas\u0131 yatar. Uyum bozucu ve i\u015flenmeden depolanan bu an\u0131lar ki\u015filerde kendileriyle ilgili olumsuz inan\u00e7, olumsuz duygusal yan\u0131t ve olumsuz beden duyumlar\u0131 (a\u011fr\u0131 gibi) olu\u015fturabilir.<\/span><\/p><p><span style=\"background-color: rgb(255, 255, 255); color: rgb(34, 34, 34); font-family: Arial, Helvetica, sans-serif; font-size: small; font-weight: var( --e-global-typography-text-font-weight );\"><br><\/span><\/p><p><span style=\"background-color: rgb(255, 255, 255); color: rgb(34, 34, 34); font-family: Arial, Helvetica, sans-serif; font-size: small; font-weight: var( --e-global-typography-text-font-weight );\">Emdr Terapisi; ki\u015finin ge\u00e7mi\u015fte ya\u015fad\u0131\u011f\u0131 ve halen rahats\u0131zl\u0131k veren <\/span><span style=\"background-color: rgb(255, 255, 255); color: rgb(34, 34, 34); font-family: Arial, Helvetica, sans-serif; font-size: small;\"><b>travmalar\u0131na y\u00f6nelik duyars\u0131zla\u015fmas\u0131n\u0131<\/b><\/span><span style=\"background-color: rgb(255, 255, 255); color: rgb(34, 34, 34); font-family: Arial, Helvetica, sans-serif; font-size: small; font-weight: var( --e-global-typography-text-font-weight );\">&nbsp;hedefleyen fizyolojik temelli bir terapidir. Kilitli kalm\u0131\u015f an\u0131 ile di\u011fer an\u0131 a\u011flar\u0131 aras\u0131nda ili\u015fki kurularak dan\u0131\u015fan\u0131n \u015fikayetlerinin ortadan kalkmas\u0131 ve an\u0131lara sa\u011fl\u0131kl\u0131 bir perspektiften bakmas\u0131 sa\u011flan\u0131r. EMDR Terapisi sonras\u0131 ge\u00e7mi\u015fte ya\u015fanm\u0131\u015f travmatik an\u0131lar dan\u0131\u015fan\u0131 art\u0131k eskisi kadar rahats\u0131z etmez hale gelir.&nbsp;<\/span><\/p>\t\t\t\t\t\t<\/div>\n\t\t\t\t<\/div>\n\t\t\t\t\t<\/div>\n\t\t<\/div>\n\t\t\t\t\t\t\t<\/div>\n\t\t<\/section>\n\t\t\t\t<section class=\"elementor-section elementor-top-section elementor-element elementor-element-172dc55 elementor-section-boxed elementor-section-height-default elementor-section-height-default\" data-id=\"172dc55\" data-element_type=\"section\">\n\t\t\t\t\t\t<div class=\"elementor-container elementor-column-gap-default\">\n\t\t\t\t\t<div class=\"elementor-column elementor-col-100 elementor-top-column elementor-element elementor-element-ef8b594\" data-id=\"ef8b594\" data-element_type=\"column\">\n\t\t\t<div class=\"elementor-widget-wrap elementor-element-populated\">\n\t\t\t\t\t\t\t\t<div class=\"elementor-element elementor-element-921f579 elementor-widget elementor-widget-text-editor\" data-id=\"921f579\" data-element_type=\"widget\" data-widget_type=\"text-editor.default\">\n\t\t\t\t<div class=\"elementor-widget-container\">\n\t\t\t\t\t\t\t<div dir=\"auto\" style=\"color: rgb(34, 34, 34); font-family: Arial, Helvetica, sans-serif; font-size: small; background-color: rgb(255, 255, 255);\">EMDR <b>her t\u00fcrl\u00fc psikolojik rahats\u0131zl\u0131k<\/b>&nbsp;i\u00e7in kullan\u0131labilir.<\/div><div dir=\"auto\" style=\"color: rgb(34, 34, 34); font-family: Arial, Helvetica, sans-serif; font-size: small; background-color: rgb(255, 255, 255);\"><br><\/div><div dir=\"auto\" style=\"color: rgb(34, 34, 34); font-family: Arial, Helvetica, sans-serif; font-size: small; background-color: rgb(255, 255, 255);\">EMDR Terapisi <b>\u2713 travma sonras\u0131 stres bozuklu\u011fu (TSSB), \u2713 kayg\u0131 bozukluklar\u0131, \u2713 obsesif kompulsif bozukluk, \u2713 panik atak, fobiler, \u2713 \u00f6fke kontrol problemleri, \u2713 depresyon, \u2713 migren, \u2713 kay\u0131p ve yas, \u2713 yeme bozukluklar\u0131<\/b>&nbsp;gibi pek \u00e7ok durumda kullan\u0131labilen bir psikoterapi y\u00f6ntemidir.<\/div><div dir=\"auto\" style=\"color: rgb(34, 34, 34); font-family: Arial, Helvetica, sans-serif; font-size: small; background-color: rgb(255, 255, 255);\"><br><\/div><div dir=\"auto\" style=\"color: rgb(34, 34, 34); font-family: Arial, Helvetica, sans-serif; font-size: small; background-color: rgb(255, 255, 255);\">Fizyolojik bir nedene ba\u011flanmayan t\u00fcm \u2713 psikosomatik sorunlarda da <b>(mide &#8211; ba\u011f\u0131rsak problemleri, ba\u015f a\u011fr\u0131s\u0131, s\u0131rt a\u011fr\u0131s\u0131, boyun a\u011fr\u0131s\u0131 vb.)<\/b>&nbsp;EMDR etkilidir.<\/div>\t\t\t\t\t\t<\/div>\n\t\t\t\t<\/div>\n\t\t\t\t\t<\/div>\n\t\t<\/div>\n\t\t\t\t\t\t\t<\/div>\n\t\t<\/section>\n\t\t\t\t\t\t\t<\/div>\n\t\t","protected":false},"excerpt":{"rendered":"<p>EMDR Terapisi, g\u00f6z hareketleriyle duyars\u0131zla\u015ft\u0131rma ve yeniden i\u015fleme, g\u00fc\u00e7l\u00fc bir psikoterapi yakla\u015f\u0131m\u0131d\u0131r. EMDR&#8217; ye g\u00f6re rahats\u0131zl\u0131klar\u0131n temelinde travmatik ya\u015fant\u0131lar ve \u00e7ocukluk d\u00f6neminden itibaren bizi rahats\u0131z eden ya\u015fam olaylar\u0131n\u0131n i\u015flenmemi\u015f an\u0131lar olarak depolanmas\u0131 yatar. Uyum bozucu ve i\u015flenmeden depolanan bu an\u0131lar ki\u015filerde kendileriyle ilgili olumsuz inan\u00e7, olumsuz duygusal yan\u0131t ve olumsuz beden duyumlar\u0131 (a\u011fr\u0131 gibi) olu\u015fturabilir. [&hellip;]<\/p>\n","protected":false},"author":1,"featured_media":0,"parent":0,"menu_order":0,"comment_status":"closed","ping_status":"closed","template":"","meta":{"saved_in_kubio":false,"_joinchat":[],"footnotes":""},"class_list":["post-210","page","type-page","status-publish","hentry"],"kubio_ai_page_context":{"short_desc":"","purpose":"general"},"_links":{"self":[{"href":"https:\/\/www.duygubakir.com\/index.php\/wp-json\/wp\/v2\/pages\/210","targetHints":{"allow":["GET"]}}],"collection":[{"href":"https:\/\/www.duygubakir.com\/index.php\/wp-json\/wp\/v2\/pages"}],"about":[{"href":"https:\/\/www.duygubakir.com\/index.php\/wp-json\/wp\/v2\/types\/page"}],"author":[{"embeddable":true,"href":"https:\/\/www.duygubakir.com\/index.php\/wp-json\/wp\/v2\/users\/1"}],"replies":[{"embeddable":true,"href":"https:\/\/www.duygubakir.com\/index.php\/wp-json\/wp\/v2\/comments?post=210"}],"version-history":[{"count":7,"href":"https:\/\/www.duygubakir.com\/index.php\/wp-json\/wp\/v2\/pages\/210\/revisions"}],"predecessor-version":[{"id":245,"href":"https:\/\/www.duygubakir.com\/index.php\/wp-json\/wp\/v2\/pages\/210\/revisions\/245"}],"wp:attachment":[{"href":"https:\/\/www.duygubakir.com\/index.php\/wp-json\/wp\/v2\/media?parent=210"}],"curies":[{"name":"wp","href":"https:\/\/api.w.org\/{rel}","templated":true}]}}