{"id":209,"date":"2023-04-22T19:29:05","date_gmt":"2023-04-22T19:29:05","guid":{"rendered":"http:\/\/www.duygubakir.com\/?page_id=209"},"modified":"2023-04-22T20:13:56","modified_gmt":"2023-04-22T20:13:56","slug":"bilissel-davranisci-terapi","status":"publish","type":"page","link":"https:\/\/www.duygubakir.com\/index.php\/bilissel-davranisci-terapi\/","title":{"rendered":"Bili\u015fsel Davran\u0131\u015f\u00e7\u0131 Terapi"},"content":{"rendered":"\t\t<div data-elementor-type=\"wp-page\" data-elementor-id=\"209\" class=\"elementor elementor-209\">\n\t\t\t\t\t\t\t\t\t<section class=\"elementor-section elementor-top-section elementor-element elementor-element-24b8c0b elementor-section-boxed elementor-section-height-default elementor-section-height-default\" data-id=\"24b8c0b\" data-element_type=\"section\">\n\t\t\t\t\t\t<div class=\"elementor-container elementor-column-gap-default\">\n\t\t\t\t\t<div class=\"elementor-column elementor-col-50 elementor-top-column elementor-element elementor-element-4528a3a\" data-id=\"4528a3a\" data-element_type=\"column\">\n\t\t\t<div class=\"elementor-widget-wrap elementor-element-populated\">\n\t\t\t\t\t\t\t\t<div class=\"elementor-element elementor-element-b92c08e elementor-widget elementor-widget-image\" data-id=\"b92c08e\" data-element_type=\"widget\" data-widget_type=\"image.default\">\n\t\t\t\t<div class=\"elementor-widget-container\">\n\t\t\t<style>\/*! elementor - v3.12.1 - 02-04-2023 *\/\n.elementor-widget-image{text-align:center}.elementor-widget-image a{display:inline-block}.elementor-widget-image a img[src$=\".svg\"]{width:48px}.elementor-widget-image img{vertical-align:middle;display:inline-block}<\/style>\t\t\t\t\t\t\t\t\t\t\t\t<img loading=\"lazy\" decoding=\"async\" width=\"1024\" height=\"751\" src=\"https:\/\/www.duygubakir.com\/wp-content\/uploads\/2023\/04\/Dangers-of-EMDR-Therapy-01-1024x751.png\" class=\"attachment-large size-large wp-image-246\" alt=\"\" srcset=\"https:\/\/www.duygubakir.com\/wp-content\/uploads\/2023\/04\/Dangers-of-EMDR-Therapy-01-1024x751.png 1024w, https:\/\/www.duygubakir.com\/wp-content\/uploads\/2023\/04\/Dangers-of-EMDR-Therapy-01-300x220.png 300w, https:\/\/www.duygubakir.com\/wp-content\/uploads\/2023\/04\/Dangers-of-EMDR-Therapy-01-768x563.png 768w, https:\/\/www.duygubakir.com\/wp-content\/uploads\/2023\/04\/Dangers-of-EMDR-Therapy-01-1536x1126.png 1536w, https:\/\/www.duygubakir.com\/wp-content\/uploads\/2023\/04\/Dangers-of-EMDR-Therapy-01-2048x1502.png 2048w, https:\/\/www.duygubakir.com\/wp-content\/uploads\/2023\/04\/Dangers-of-EMDR-Therapy-01-1473x1080.png 1473w\" sizes=\"(max-width: 1024px) 100vw, 1024px\" \/>\t\t\t\t\t\t\t\t\t\t\t\t\t\t\t<\/div>\n\t\t\t\t<\/div>\n\t\t\t\t\t<\/div>\n\t\t<\/div>\n\t\t\t\t<div class=\"elementor-column elementor-col-50 elementor-top-column elementor-element elementor-element-fdb83d0\" data-id=\"fdb83d0\" data-element_type=\"column\">\n\t\t\t<div class=\"elementor-widget-wrap elementor-element-populated\">\n\t\t\t\t\t\t\t\t<div class=\"elementor-element elementor-element-3263ec7 elementor-widget elementor-widget-text-editor\" data-id=\"3263ec7\" data-element_type=\"widget\" data-widget_type=\"text-editor.default\">\n\t\t\t\t<div class=\"elementor-widget-container\">\n\t\t\t<style>\/*! elementor - v3.12.1 - 02-04-2023 *\/\n.elementor-widget-text-editor.elementor-drop-cap-view-stacked .elementor-drop-cap{background-color:#69727d;color:#fff}.elementor-widget-text-editor.elementor-drop-cap-view-framed .elementor-drop-cap{color:#69727d;border:3px solid;background-color:transparent}.elementor-widget-text-editor:not(.elementor-drop-cap-view-default) .elementor-drop-cap{margin-top:8px}.elementor-widget-text-editor:not(.elementor-drop-cap-view-default) .elementor-drop-cap-letter{width:1em;height:1em}.elementor-widget-text-editor .elementor-drop-cap{float:left;text-align:center;line-height:1;font-size:50px}.elementor-widget-text-editor .elementor-drop-cap-letter{display:inline-block}<\/style>\t\t\t\t<p><span style=\"color: rgb(34, 34, 34); font-family: Arial, Helvetica, sans-serif; font-size: small; background-color: rgb(255, 255, 255);\">Bili\u015fsel Davran\u0131\u015f\u00e7\u0131 Terapi (BDT)&#8217;nin psikolojik sorunlarda ne kadar etkin oldu\u011fu \u00e7e\u015fitli bilimsel ara\u015ft\u0131rmalarla s\u0131nanmaktad\u0131r.<\/span><\/p><div dir=\"auto\" style=\"color: rgb(34, 34, 34); font-family: Arial, Helvetica, sans-serif; font-size: small; background-color: rgb(255, 255, 255);\"><br><\/div><div dir=\"auto\" style=\"color: rgb(34, 34, 34); font-family: Arial, Helvetica, sans-serif; font-size: small; background-color: rgb(255, 255, 255);\">BDT, \u00fczerinde <b>en fazla ara\u015ft\u0131rma yap\u0131lm\u0131\u015f<\/b>&nbsp;psikoterapi y\u00f6ntemidir.&nbsp;<\/div><div dir=\"auto\" style=\"color: rgb(34, 34, 34); font-family: Arial, Helvetica, sans-serif; font-size: small; background-color: rgb(255, 255, 255);\"><br><\/div><div dir=\"auto\" style=\"color: rgb(34, 34, 34); font-family: Arial, Helvetica, sans-serif; font-size: small; background-color: rgb(255, 255, 255);\">Ara\u015ft\u0131rmalar; bili\u015fsel davran\u0131\u015f\u00e7\u0131 terapi ile sa\u011flanan iyile\u015fmenin <b>kal\u0131c\u0131l\u0131k<\/b>&nbsp;g\u00f6sterdi\u011fini, tedavi sonras\u0131 n\u00fckslerin (sorunun tekrarlamas\u0131) \u00e7ok d\u00fc\u015f\u00fck oldu\u011funu g\u00f6stermektedir.&nbsp;<\/div><div dir=\"auto\" style=\"color: rgb(34, 34, 34); font-family: Arial, Helvetica, sans-serif; font-size: small; background-color: rgb(255, 255, 255);\"><br><\/div><div dir=\"auto\" style=\"color: rgb(34, 34, 34); font-family: Arial, Helvetica, sans-serif; font-size: small; background-color: rgb(255, 255, 255);\">Bili\u015fsel Davran\u0131\u015f\u00e7\u0131 Terapide bireylerin psikolojik sorunlar\u0131 duygusal, bili\u015fsel, bedensel ve davran\u0131\u015fsal \u00f6zellikleriyle tan\u0131mlan\u0131r. Sorunu s\u00fcrd\u00fcren mekanizma; duygu, d\u00fc\u015f\u00fcnce, davran\u0131\u015f ve beden aras\u0131ndaki ili\u015fki temelinde a\u00e7\u0131klan\u0131r.&nbsp;<\/div><div dir=\"auto\" style=\"color: rgb(34, 34, 34); font-family: Arial, Helvetica, sans-serif; font-size: small; background-color: rgb(255, 255, 255);\"><br><\/div><div dir=\"auto\" style=\"color: rgb(34, 34, 34); font-family: Arial, Helvetica, sans-serif; font-size: small; background-color: rgb(255, 255, 255);\">Bili\u015fsel Davran\u0131\u015f\u00e7\u0131 Terapide dan\u0131\u015fan\u0131n sorunlar\u0131n\u0131n \u00e7\u00f6z\u00fclmesi i\u00e7in at\u0131lacak ad\u0131mlar dan\u0131\u015fan ile birlikte planlan\u0131r. Seanslarda dan\u0131\u015fan\u0131n yapabilece\u011fi <b>egzersizler planlan\u0131r<\/b>, terapist ve dan\u0131\u015fan <b>i\u015fbirli\u011fi<\/b>&nbsp;i\u00e7inde hareket eder. Dan\u0131\u015fan\u0131n seans i\u00e7erisinde verilen egzersizleri g\u00fcnl\u00fck ya\u015fam\u0131nda da uygulayarak seansa getirdi\u011fi sorunlar \u00fczerinde iyile\u015fme g\u00f6stermesi sa\u011flan\u0131r.<\/div>\t\t\t\t\t\t<\/div>\n\t\t\t\t<\/div>\n\t\t\t\t\t<\/div>\n\t\t<\/div>\n\t\t\t\t\t\t\t<\/div>\n\t\t<\/section>\n\t\t\t\t\t\t\t<\/div>\n\t\t","protected":false},"excerpt":{"rendered":"<p>Bili\u015fsel Davran\u0131\u015f\u00e7\u0131 Terapi (BDT)&#8217;nin psikolojik sorunlarda ne kadar etkin oldu\u011fu \u00e7e\u015fitli bilimsel ara\u015ft\u0131rmalarla s\u0131nanmaktad\u0131r. BDT, \u00fczerinde en fazla ara\u015ft\u0131rma yap\u0131lm\u0131\u015f&nbsp;psikoterapi y\u00f6ntemidir.&nbsp;Ara\u015ft\u0131rmalar; bili\u015fsel davran\u0131\u015f\u00e7\u0131 terapi ile sa\u011flanan iyile\u015fmenin kal\u0131c\u0131l\u0131k&nbsp;g\u00f6sterdi\u011fini, tedavi sonras\u0131 n\u00fckslerin (sorunun tekrarlamas\u0131) \u00e7ok d\u00fc\u015f\u00fck oldu\u011funu g\u00f6stermektedir.&nbsp;Bili\u015fsel Davran\u0131\u015f\u00e7\u0131 Terapide bireylerin psikolojik sorunlar\u0131 duygusal, bili\u015fsel, bedensel ve davran\u0131\u015fsal \u00f6zellikleriyle tan\u0131mlan\u0131r. Sorunu s\u00fcrd\u00fcren mekanizma; duygu, d\u00fc\u015f\u00fcnce, davran\u0131\u015f [&hellip;]<\/p>\n","protected":false},"author":1,"featured_media":0,"parent":0,"menu_order":0,"comment_status":"closed","ping_status":"closed","template":"","meta":{"saved_in_kubio":false,"_joinchat":[],"footnotes":""},"class_list":["post-209","page","type-page","status-publish","hentry"],"kubio_ai_page_context":{"short_desc":"","purpose":"general"},"_links":{"self":[{"href":"https:\/\/www.duygubakir.com\/index.php\/wp-json\/wp\/v2\/pages\/209","targetHints":{"allow":["GET"]}}],"collection":[{"href":"https:\/\/www.duygubakir.com\/index.php\/wp-json\/wp\/v2\/pages"}],"about":[{"href":"https:\/\/www.duygubakir.com\/index.php\/wp-json\/wp\/v2\/types\/page"}],"author":[{"embeddable":true,"href":"https:\/\/www.duygubakir.com\/index.php\/wp-json\/wp\/v2\/users\/1"}],"replies":[{"embeddable":true,"href":"https:\/\/www.duygubakir.com\/index.php\/wp-json\/wp\/v2\/comments?post=209"}],"version-history":[{"count":4,"href":"https:\/\/www.duygubakir.com\/index.php\/wp-json\/wp\/v2\/pages\/209\/revisions"}],"predecessor-version":[{"id":249,"href":"https:\/\/www.duygubakir.com\/index.php\/wp-json\/wp\/v2\/pages\/209\/revisions\/249"}],"wp:attachment":[{"href":"https:\/\/www.duygubakir.com\/index.php\/wp-json\/wp\/v2\/media?parent=209"}],"curies":[{"name":"wp","href":"https:\/\/api.w.org\/{rel}","templated":true}]}}