{"id":18,"date":"2023-04-09T08:16:54","date_gmt":"2023-04-09T08:16:54","guid":{"rendered":"http:\/\/www.duygubakir.com\/?page_id=18"},"modified":"2025-06-01T18:14:27","modified_gmt":"2025-06-01T18:14:27","slug":"iletisim","status":"publish","type":"page","link":"https:\/\/www.duygubakir.com\/index.php\/iletisim\/","title":{"rendered":"\u0130leti\u015fim"},"content":{"rendered":"\t\t<div data-elementor-type=\"wp-page\" data-elementor-id=\"18\" class=\"elementor elementor-18\">\n\t\t\t\t\t\t\t\t\t<section class=\"elementor-section elementor-top-section elementor-element elementor-element-39216f7d elementor-section-boxed elementor-section-height-default elementor-section-height-default\" data-id=\"39216f7d\" data-element_type=\"section\">\n\t\t\t\t\t\t<div class=\"elementor-container elementor-column-gap-default\">\n\t\t\t\t\t<div class=\"elementor-column elementor-col-100 elementor-top-column elementor-element elementor-element-db55bef\" data-id=\"db55bef\" data-element_type=\"column\">\n\t\t\t<div class=\"elementor-widget-wrap elementor-element-populated\">\n\t\t\t\t\t\t\t\t<div class=\"elementor-element elementor-element-7258f816 elementor-widget elementor-widget-text-editor\" data-id=\"7258f816\" data-element_type=\"widget\" data-widget_type=\"text-editor.default\">\n\t\t\t\t<div class=\"elementor-widget-container\">\n\t\t\t<style>\/*! elementor - v3.12.1 - 02-04-2023 *\/\n.elementor-widget-text-editor.elementor-drop-cap-view-stacked .elementor-drop-cap{background-color:#69727d;color:#fff}.elementor-widget-text-editor.elementor-drop-cap-view-framed .elementor-drop-cap{color:#69727d;border:3px solid;background-color:transparent}.elementor-widget-text-editor:not(.elementor-drop-cap-view-default) .elementor-drop-cap{margin-top:8px}.elementor-widget-text-editor:not(.elementor-drop-cap-view-default) .elementor-drop-cap-letter{width:1em;height:1em}.elementor-widget-text-editor .elementor-drop-cap{float:left;text-align:center;line-height:1;font-size:50px}.elementor-widget-text-editor .elementor-drop-cap-letter{display:inline-block}<\/style>\t\t\t\t<p><!-- wp:paragraph --><\/p>\n<p>Telefon: 0 546 115 16 11<\/p>\n<p>Bak\u0131rk\u00f6y Adres: Zuhuratbaba Mah. Haksever Sokak G\u00fclce Apt. No:8&nbsp; Daire:12&nbsp; Bak\u0131rk\u00f6y\/\u0130stanbul<\/p>\n<p><!-- \/wp:paragraph --><\/p>\t\t\t\t\t\t<\/div>\n\t\t\t\t<\/div>\n\t\t\t\t\t<\/div>\n\t\t<\/div>\n\t\t\t\t\t\t\t<\/div>\n\t\t<\/section>\n\t\t\t\t<section class=\"elementor-section elementor-top-section elementor-element elementor-element-79bcd8f elementor-section-boxed elementor-section-height-default elementor-section-height-default\" data-id=\"79bcd8f\" data-element_type=\"section\">\n\t\t\t\t\t\t<div class=\"elementor-container elementor-column-gap-default\">\n\t\t\t\t\t<div class=\"elementor-column elementor-col-100 elementor-top-column elementor-element elementor-element-a5271b2\" data-id=\"a5271b2\" data-element_type=\"column\">\n\t\t\t<div class=\"elementor-widget-wrap elementor-element-populated\">\n\t\t\t\t\t\t\t\t<div class=\"elementor-element elementor-element-1841cc8 elementor-widget elementor-widget-google_maps\" data-id=\"1841cc8\" data-element_type=\"widget\" data-widget_type=\"google_maps.default\">\n\t\t\t\t<div class=\"elementor-widget-container\">\n\t\t\t<style>\/*! elementor - v3.12.1 - 02-04-2023 *\/\n.elementor-widget-google_maps .elementor-widget-container{overflow:hidden}.elementor-widget-google_maps .elementor-custom-embed{line-height:0}.elementor-widget-google_maps iframe{height:300px}<\/style>\t\t<div class=\"elementor-custom-embed\">\n\t\t\t<iframe loading=\"lazy\"\n\t\t\t\t\tsrc=\"https:\/\/maps.google.com\/maps?q=XVV9%2BFWJ%20Bak%C4%B1rk%C3%B6y%2C%20%C4%B0stanbul&#038;t=m&#038;z=17&#038;output=embed&#038;iwloc=near\"\n\t\t\t\t\ttitle=\"XVV9+FWJ Bak\u0131rk\u00f6y, \u0130stanbul\"\n\t\t\t\t\taria-label=\"XVV9+FWJ Bak\u0131rk\u00f6y, \u0130stanbul\"\n\t\t\t><\/iframe>\n\t\t<\/div>\n\t\t\t\t<\/div>\n\t\t\t\t<\/div>\n\t\t\t\t<div class=\"elementor-element elementor-element-833bc3e elementor-widget elementor-widget-text-editor\" data-id=\"833bc3e\" data-element_type=\"widget\" data-widget_type=\"text-editor.default\">\n\t\t\t\t<div class=\"elementor-widget-container\">\n\t\t\t\t\t\t\t<p><br><\/p>\n<p><br><\/p>\n<p><span style=\"color: rgba(var(--kubio-color-2),1);\">Gaziosmanpa\u015fa Adres: Ba\u011flarba\u015f\u0131 Mahallesi K\u00fc\u00e7\u00fckk\u00f6y Yolu Caddesi No:6 Daire:3 Gaziosmanpa\u015fa\/\u0130stanbul<\/span><br><\/p>\t\t\t\t\t\t<\/div>\n\t\t\t\t<\/div>\n\t\t\t\t<div class=\"elementor-element elementor-element-1c3eec9 elementor-widget elementor-widget-google_maps\" data-id=\"1c3eec9\" data-element_type=\"widget\" data-widget_type=\"google_maps.default\">\n\t\t\t\t<div class=\"elementor-widget-container\">\n\t\t\t\t\t<div class=\"elementor-custom-embed\">\n\t\t\t<iframe loading=\"lazy\"\n\t\t\t\t\tsrc=\"https:\/\/maps.google.com\/maps?q=3W57%2BM8%20Gaziosmanpa%C5%9Fa%2C%20%C4%B0stanbul&#038;t=m&#038;z=16&#038;output=embed&#038;iwloc=near\"\n\t\t\t\t\ttitle=\"3W57+M8 Gaziosmanpa\u015fa, \u0130stanbul\"\n\t\t\t\t\taria-label=\"3W57+M8 Gaziosmanpa\u015fa, \u0130stanbul\"\n\t\t\t><\/iframe>\n\t\t<\/div>\n\t\t\t\t<\/div>\n\t\t\t\t<\/div>\n\t\t\t\t\t<\/div>\n\t\t<\/div>\n\t\t\t\t\t\t\t<\/div>\n\t\t<\/section>\n\t\t\t\t\t\t\t<\/div>\n\t\t","protected":false},"excerpt":{"rendered":"<p>Telefon: 0 546 115 16 11 Bak\u0131rk\u00f6y Adres: Zuhuratbaba Mah. Haksever Sokak G\u00fclce Apt. No:8&nbsp; Daire:12&nbsp; Bak\u0131rk\u00f6y\/\u0130stanbul Gaziosmanpa\u015fa Adres: Ba\u011flarba\u015f\u0131 Mahallesi K\u00fc\u00e7\u00fckk\u00f6y Yolu Caddesi No:6 Daire:3 Gaziosmanpa\u015fa\/\u0130stanbul<\/p>\n","protected":false},"author":1,"featured_media":0,"parent":0,"menu_order":0,"comment_status":"closed","ping_status":"closed","template":"","meta":{"saved_in_kubio":false,"_joinchat":[],"footnotes":""},"class_list":["post-18","page","type-page","status-publish","hentry"],"kubio_ai_page_context":{"short_desc":"","purpose":"general"},"_links":{"self":[{"href":"https:\/\/www.duygubakir.com\/index.php\/wp-json\/wp\/v2\/pages\/18","targetHints":{"allow":["GET"]}}],"collection":[{"href":"https:\/\/www.duygubakir.com\/index.php\/wp-json\/wp\/v2\/pages"}],"about":[{"href":"https:\/\/www.duygubakir.com\/index.php\/wp-json\/wp\/v2\/types\/page"}],"author":[{"embeddable":true,"href":"https:\/\/www.duygubakir.com\/index.php\/wp-json\/wp\/v2\/users\/1"}],"replies":[{"embeddable":true,"href":"https:\/\/www.duygubakir.com\/index.php\/wp-json\/wp\/v2\/comments?post=18"}],"version-history":[{"count":22,"href":"https:\/\/www.duygubakir.com\/index.php\/wp-json\/wp\/v2\/pages\/18\/revisions"}],"predecessor-version":[{"id":562,"href":"https:\/\/www.duygubakir.com\/index.php\/wp-json\/wp\/v2\/pages\/18\/revisions\/562"}],"wp:attachment":[{"href":"https:\/\/www.duygubakir.com\/index.php\/wp-json\/wp\/v2\/media?parent=18"}],"curies":[{"name":"wp","href":"https:\/\/api.w.org\/{rel}","templated":true}]}}