{"id":15,"date":"2023-04-09T08:16:54","date_gmt":"2023-04-09T08:16:54","guid":{"rendered":"http:\/\/www.duygubakir.com\/?page_id=15"},"modified":"2023-04-09T13:38:16","modified_gmt":"2023-04-09T13:38:16","slug":"dikkat-eksikligi-mudahale-programlari","status":"publish","type":"page","link":"https:\/\/www.duygubakir.com\/index.php\/dikkat-eksikligi-mudahale-programlari\/","title":{"rendered":"Dikkat Eksikli\u011fi M\u00fcdahale Programlar\u0131"},"content":{"rendered":"\t\t<div data-elementor-type=\"wp-page\" data-elementor-id=\"15\" class=\"elementor elementor-15\">\n\t\t\t\t\t\t\t\t\t<section class=\"elementor-section elementor-top-section elementor-element elementor-element-d2e6a06 elementor-section-boxed elementor-section-height-default elementor-section-height-default\" data-id=\"d2e6a06\" data-element_type=\"section\">\n\t\t\t\t\t\t<div class=\"elementor-container elementor-column-gap-default\">\n\t\t\t\t\t<div class=\"elementor-column elementor-col-100 elementor-top-column elementor-element elementor-element-bbeda7a\" data-id=\"bbeda7a\" data-element_type=\"column\">\n\t\t\t<div class=\"elementor-widget-wrap elementor-element-populated\">\n\t\t\t\t\t\t\t\t<div class=\"elementor-element elementor-element-fb2f5c0 elementor-widget elementor-widget-heading\" data-id=\"fb2f5c0\" data-element_type=\"widget\" data-widget_type=\"heading.default\">\n\t\t\t\t<div class=\"elementor-widget-container\">\n\t\t\t<style>\/*! elementor - v3.12.1 - 02-04-2023 *\/\n.elementor-heading-title{padding:0;margin:0;line-height:1}.elementor-widget-heading .elementor-heading-title[class*=elementor-size-]>a{color:inherit;font-size:inherit;line-height:inherit}.elementor-widget-heading .elementor-heading-title.elementor-size-small{font-size:15px}.elementor-widget-heading .elementor-heading-title.elementor-size-medium{font-size:19px}.elementor-widget-heading .elementor-heading-title.elementor-size-large{font-size:29px}.elementor-widget-heading .elementor-heading-title.elementor-size-xl{font-size:39px}.elementor-widget-heading .elementor-heading-title.elementor-size-xxl{font-size:59px}<\/style><h2 class=\"elementor-heading-title elementor-size-default\">ATTENTIONER D\u0130KKAT GEL\u0130\u015eT\u0130RME PROGRAMI<\/h2>\t\t<\/div>\n\t\t\t\t<\/div>\n\t\t\t\t\t<\/div>\n\t\t<\/div>\n\t\t\t\t\t\t\t<\/div>\n\t\t<\/section>\n\t\t\t\t<section class=\"elementor-section elementor-top-section elementor-element elementor-element-8bb1a03 elementor-section-boxed elementor-section-height-default elementor-section-height-default\" data-id=\"8bb1a03\" data-element_type=\"section\">\n\t\t\t\t\t\t<div class=\"elementor-container elementor-column-gap-default\">\n\t\t\t\t\t<div class=\"elementor-column elementor-col-50 elementor-top-column elementor-element elementor-element-7e0badc\" data-id=\"7e0badc\" data-element_type=\"column\">\n\t\t\t<div class=\"elementor-widget-wrap elementor-element-populated\">\n\t\t\t\t\t\t\t\t<div class=\"elementor-element elementor-element-7cd0b29 elementor-widget elementor-widget-image\" data-id=\"7cd0b29\" data-element_type=\"widget\" data-widget_type=\"image.default\">\n\t\t\t\t<div class=\"elementor-widget-container\">\n\t\t\t<style>\/*! elementor - v3.12.1 - 02-04-2023 *\/\n.elementor-widget-image{text-align:center}.elementor-widget-image a{display:inline-block}.elementor-widget-image a img[src$=\".svg\"]{width:48px}.elementor-widget-image img{vertical-align:middle;display:inline-block}<\/style>\t\t\t\t\t\t\t\t\t\t\t\t<img loading=\"lazy\" decoding=\"async\" width=\"690\" height=\"614\" src=\"https:\/\/www.duygubakir.com\/wp-content\/uploads\/2023\/04\/ejderha-tayfun.jpg\" class=\"attachment-large size-large wp-image-145\" alt=\"\" srcset=\"https:\/\/www.duygubakir.com\/wp-content\/uploads\/2023\/04\/ejderha-tayfun.jpg 690w, https:\/\/www.duygubakir.com\/wp-content\/uploads\/2023\/04\/ejderha-tayfun-300x267.jpg 300w\" sizes=\"(max-width: 690px) 100vw, 690px\" \/>\t\t\t\t\t\t\t\t\t\t\t\t\t\t\t<\/div>\n\t\t\t\t<\/div>\n\t\t\t\t\t<\/div>\n\t\t<\/div>\n\t\t\t\t<div class=\"elementor-column elementor-col-50 elementor-top-column elementor-element elementor-element-f4a3525\" data-id=\"f4a3525\" data-element_type=\"column\">\n\t\t\t<div class=\"elementor-widget-wrap elementor-element-populated\">\n\t\t\t\t\t\t\t\t<div class=\"elementor-element elementor-element-9349251 elementor-widget elementor-widget-text-editor\" data-id=\"9349251\" data-element_type=\"widget\" data-widget_type=\"text-editor.default\">\n\t\t\t\t<div class=\"elementor-widget-container\">\n\t\t\t<style>\/*! elementor - v3.12.1 - 02-04-2023 *\/\n.elementor-widget-text-editor.elementor-drop-cap-view-stacked .elementor-drop-cap{background-color:#69727d;color:#fff}.elementor-widget-text-editor.elementor-drop-cap-view-framed .elementor-drop-cap{color:#69727d;border:3px solid;background-color:transparent}.elementor-widget-text-editor:not(.elementor-drop-cap-view-default) .elementor-drop-cap{margin-top:8px}.elementor-widget-text-editor:not(.elementor-drop-cap-view-default) .elementor-drop-cap-letter{width:1em;height:1em}.elementor-widget-text-editor .elementor-drop-cap{float:left;text-align:center;line-height:1;font-size:50px}.elementor-widget-text-editor .elementor-drop-cap-letter{display:inline-block}<\/style>\t\t\t\t<p><span style=\"color: rgb(0, 0, 0); font-family: -apple-system, BlinkMacSystemFont, &quot;Segoe UI&quot;, Roboto, Helvetica, Arial, sans-serif; font-size: 14px; background-color: rgb(255, 255, 255);\">Almanya Bremen \u00dcniversitesi&#8217;nde geli\u015ftirilen Attentioner program\u0131, dikkat eksikli\u011fi hiperaktivite bozuklu\u011fu olan \u00e7ocuklara uygulanabildi\u011fi gibi dikkat eksikli\u011fi tan\u0131s\u0131 almay\u0131p varolan dikkat becerilerini geli\u015ftirmek isteyen \u00e7ocuklara da uygulanabilir. Programa 7-18 ya\u015f aral\u0131\u011f\u0131ndaki \u00e7ocuklar kat\u0131labilirler.<\/span><br style=\"color: rgb(0, 0, 0); font-family: -apple-system, BlinkMacSystemFont, &quot;Segoe UI&quot;, Roboto, Helvetica, Arial, sans-serif; font-size: 14px; background-color: rgb(255, 255, 255);\"><br style=\"color: rgb(0, 0, 0); font-family: -apple-system, BlinkMacSystemFont, &quot;Segoe UI&quot;, Roboto, Helvetica, Arial, sans-serif; font-size: 14px; background-color: rgb(255, 255, 255);\"><span style=\"color: rgb(0, 0, 0); font-family: -apple-system, BlinkMacSystemFont, &quot;Segoe UI&quot;, Roboto, Helvetica, Arial, sans-serif; font-size: 14px; background-color: rgb(255, 255, 255);\">\u00c7ocuklar\u0131n;<\/span><br style=\"color: rgb(0, 0, 0); font-family: -apple-system, BlinkMacSystemFont, &quot;Segoe UI&quot;, Roboto, Helvetica, Arial, sans-serif; font-size: 14px; background-color: rgb(255, 255, 255);\"><br style=\"color: rgb(0, 0, 0); font-family: -apple-system, BlinkMacSystemFont, &quot;Segoe UI&quot;, Roboto, Helvetica, Arial, sans-serif; font-size: 14px; background-color: rgb(255, 255, 255);\"><span style=\"color: rgb(0, 0, 0); font-family: -apple-system, BlinkMacSystemFont, &quot;Segoe UI&quot;, Roboto, Helvetica, Arial, sans-serif; font-size: 14px; background-color: rgb(255, 255, 255);\">Se\u00e7ici dikkatini (Belirli bir uyar\u0131c\u0131 ya da eylemle dikkati da\u011f\u0131tan ba\u015fka bir uyar\u0131c\u0131 oldu\u011fu halde ilgilenebilme kabiliyeti),<\/span><br style=\"color: rgb(0, 0, 0); font-family: -apple-system, BlinkMacSystemFont, &quot;Segoe UI&quot;, Roboto, Helvetica, Arial, sans-serif; font-size: 14px; background-color: rgb(255, 255, 255);\"><span style=\"color: rgb(0, 0, 0); font-family: -apple-system, BlinkMacSystemFont, &quot;Segoe UI&quot;, Roboto, Helvetica, Arial, sans-serif; font-size: 14px; background-color: rgb(255, 255, 255);\">B\u00f6l\u00fcnm\u00fc\u015f dikkatini ( Beynimizin ayn\u0131 anda 2 ya da daha fazla g\u00f6revi yerine getirebilmesi),<\/span><br style=\"color: rgb(0, 0, 0); font-family: -apple-system, BlinkMacSystemFont, &quot;Segoe UI&quot;, Roboto, Helvetica, Arial, sans-serif; font-size: 14px; background-color: rgb(255, 255, 255);\"><span style=\"color: rgb(0, 0, 0); font-family: -apple-system, BlinkMacSystemFont, &quot;Segoe UI&quot;, Roboto, Helvetica, Arial, sans-serif; font-size: 14px; background-color: rgb(255, 255, 255);\">Odaklanmas\u0131n\u0131<\/span><br style=\"color: rgb(0, 0, 0); font-family: -apple-system, BlinkMacSystemFont, &quot;Segoe UI&quot;, Roboto, Helvetica, Arial, sans-serif; font-size: 14px; background-color: rgb(255, 255, 255);\"><span style=\"color: rgb(0, 0, 0); font-family: -apple-system, BlinkMacSystemFont, &quot;Segoe UI&quot;, Roboto, Helvetica, Arial, sans-serif; font-size: 14px; background-color: rgb(255, 255, 255);\">Zaman\u0131 etkin kullanmas\u0131n\u0131 geli\u015ftirir.<\/span><br style=\"color: rgb(0, 0, 0); font-family: -apple-system, BlinkMacSystemFont, &quot;Segoe UI&quot;, Roboto, Helvetica, Arial, sans-serif; font-size: 14px; background-color: rgb(255, 255, 255);\"><br style=\"color: rgb(0, 0, 0); font-family: -apple-system, BlinkMacSystemFont, &quot;Segoe UI&quot;, Roboto, Helvetica, Arial, sans-serif; font-size: 14px; background-color: rgb(255, 255, 255);\"><span style=\"color: rgb(0, 0, 0); font-family: -apple-system, BlinkMacSystemFont, &quot;Segoe UI&quot;, Roboto, Helvetica, Arial, sans-serif; font-size: 14px; background-color: rgb(255, 255, 255);\">Bu program sayesinde ;<\/span><br style=\"color: rgb(0, 0, 0); font-family: -apple-system, BlinkMacSystemFont, &quot;Segoe UI&quot;, Roboto, Helvetica, Arial, sans-serif; font-size: 14px; background-color: rgb(255, 255, 255);\"><br style=\"color: rgb(0, 0, 0); font-family: -apple-system, BlinkMacSystemFont, &quot;Segoe UI&quot;, Roboto, Helvetica, Arial, sans-serif; font-size: 14px; background-color: rgb(255, 255, 255);\"><span style=\"color: rgb(0, 0, 0); font-family: -apple-system, BlinkMacSystemFont, &quot;Segoe UI&quot;, Roboto, Helvetica, Arial, sans-serif; font-size: 14px; background-color: rgb(255, 255, 255);\">Kendi ba\u015flar\u0131na problem \u00e7\u00f6zme yetenekleri desteklenir.<\/span><br style=\"color: rgb(0, 0, 0); font-family: -apple-system, BlinkMacSystemFont, &quot;Segoe UI&quot;, Roboto, Helvetica, Arial, sans-serif; font-size: 14px; background-color: rgb(255, 255, 255);\"><span style=\"color: rgb(0, 0, 0); font-family: -apple-system, BlinkMacSystemFont, &quot;Segoe UI&quot;, Roboto, Helvetica, Arial, sans-serif; font-size: 14px; background-color: rgb(255, 255, 255);\">Sorun \u00e7\u00f6zme becerisi ve \u00f6fke kontrol\u00fc sa\u011flan\u0131r.<\/span><br><\/p>\t\t\t\t\t\t<\/div>\n\t\t\t\t<\/div>\n\t\t\t\t\t<\/div>\n\t\t<\/div>\n\t\t\t\t\t\t\t<\/div>\n\t\t<\/section>\n\t\t\t\t<section class=\"elementor-section elementor-top-section elementor-element elementor-element-0d452ae elementor-section-boxed elementor-section-height-default elementor-section-height-default\" data-id=\"0d452ae\" data-element_type=\"section\">\n\t\t\t\t\t\t<div class=\"elementor-container elementor-column-gap-default\">\n\t\t\t\t\t<div class=\"elementor-column elementor-col-100 elementor-top-column elementor-element elementor-element-bda79dd\" data-id=\"bda79dd\" data-element_type=\"column\">\n\t\t\t<div class=\"elementor-widget-wrap elementor-element-populated\">\n\t\t\t\t\t\t\t\t<div class=\"elementor-element elementor-element-f679d8a elementor-widget elementor-widget-heading\" data-id=\"f679d8a\" data-element_type=\"widget\" data-widget_type=\"heading.default\">\n\t\t\t\t<div class=\"elementor-widget-container\">\n\t\t\t<h2 class=\"elementor-heading-title elementor-size-default\"><br>Bili\u015fsel ve Bedensel M\u00fcdahale Program\u0131<br><\/h2>\t\t<\/div>\n\t\t\t\t<\/div>\n\t\t\t\t\t<\/div>\n\t\t<\/div>\n\t\t\t\t\t\t\t<\/div>\n\t\t<\/section>\n\t\t\t\t<section class=\"elementor-section elementor-top-section elementor-element elementor-element-f6b72aa elementor-section-boxed elementor-section-height-default elementor-section-height-default\" data-id=\"f6b72aa\" data-element_type=\"section\">\n\t\t\t\t\t\t<div class=\"elementor-container elementor-column-gap-default\">\n\t\t\t\t\t<div class=\"elementor-column elementor-col-50 elementor-top-column elementor-element elementor-element-0b91885\" data-id=\"0b91885\" data-element_type=\"column\">\n\t\t\t<div class=\"elementor-widget-wrap elementor-element-populated\">\n\t\t\t\t\t\t\t\t<div class=\"elementor-element elementor-element-da142b8 elementor-widget elementor-widget-image\" data-id=\"da142b8\" data-element_type=\"widget\" data-widget_type=\"image.default\">\n\t\t\t\t<div class=\"elementor-widget-container\">\n\t\t\t\t\t\t\t\t\t\t\t\t\t\t\t<img loading=\"lazy\" decoding=\"async\" width=\"1024\" height=\"611\" src=\"https:\/\/www.duygubakir.com\/wp-content\/uploads\/2023\/04\/BBMP-Logo-1024x611.jpg\" class=\"attachment-large size-large wp-image-153\" alt=\"\" srcset=\"https:\/\/www.duygubakir.com\/wp-content\/uploads\/2023\/04\/BBMP-Logo-1024x611.jpg 1024w, https:\/\/www.duygubakir.com\/wp-content\/uploads\/2023\/04\/BBMP-Logo-300x179.jpg 300w, https:\/\/www.duygubakir.com\/wp-content\/uploads\/2023\/04\/BBMP-Logo-768x459.jpg 768w, https:\/\/www.duygubakir.com\/wp-content\/uploads\/2023\/04\/BBMP-Logo.jpg 1206w\" sizes=\"(max-width: 1024px) 100vw, 1024px\" \/>\t\t\t\t\t\t\t\t\t\t\t\t\t\t\t<\/div>\n\t\t\t\t<\/div>\n\t\t\t\t\t<\/div>\n\t\t<\/div>\n\t\t\t\t<div class=\"elementor-column elementor-col-50 elementor-top-column elementor-element elementor-element-e11233c\" data-id=\"e11233c\" data-element_type=\"column\">\n\t\t\t<div class=\"elementor-widget-wrap elementor-element-populated\">\n\t\t\t\t\t\t\t\t<div class=\"elementor-element elementor-element-8ed37d1 elementor-widget elementor-widget-text-editor\" data-id=\"8ed37d1\" data-element_type=\"widget\" data-widget_type=\"text-editor.default\">\n\t\t\t\t<div class=\"elementor-widget-container\">\n\t\t\t\t\t\t\t<p><span style=\"color: rgb(0, 0, 0); font-family: -apple-system, BlinkMacSystemFont, &quot;Segoe UI&quot;, Roboto, Helvetica, Arial, sans-serif; font-size: 14px; background-color: rgb(255, 255, 255);\">Bili\u015fsel ve Bedensel M\u00fcdahale Program\u0131 6-14 ya\u015f arasi \u00e7ocuklara uygulanabilen dikkat eksikli\u011fi hiperaktivite ve d\u00fcrt\u00fcsellik i\u00e7in haz\u0131rlanm\u0131\u015f fiziksel ve bili\u015fsel egzersizleri i\u00e7eren yap\u0131land\u0131r\u0131lm\u0131\u015f bir programd\u0131r.<\/span><\/p><p><span style=\"color: rgb(0, 0, 0); font-family: -apple-system, BlinkMacSystemFont, &quot;Segoe UI&quot;, Roboto, Helvetica, Arial, sans-serif; font-size: 14px; background-color: rgb(255, 255, 255);\"><br><\/span><\/p><p><span style=\"color: rgb(0, 0, 0); font-family: -apple-system, BlinkMacSystemFont, &quot;Segoe UI&quot;, Roboto, Helvetica, Arial, sans-serif; font-size: 14px; background-color: rgb(255, 255, 255);\">&nbsp;Puko isimli karakter (kurba\u011fa) arac\u0131l\u0131\u011f\u0131yla dikkat ve otokontrol becerilerinin geli\u015ftirilmesi ama\u00e7lan\u0131r.&nbsp;<\/span><\/p><p><span style=\"background-color: rgb(255, 255, 255); color: rgb(0, 0, 0); font-family: -apple-system, BlinkMacSystemFont, &quot;Segoe UI&quot;, Roboto, Helvetica, Arial, sans-serif; font-size: 14px;\"><br><\/span><\/p><p><span style=\"background-color: rgb(255, 255, 255); color: rgb(0, 0, 0); font-family: -apple-system, BlinkMacSystemFont, &quot;Segoe UI&quot;, Roboto, Helvetica, Arial, sans-serif; font-size: 14px;\">Oturumlara denge stabilizasyon egzersizleri ile ba\u015flanarak beyinde dikkatle ilgili mekanizmalar uyar\u0131l\u0131r. Bununla birlikte post\u00fcral kontrol geli\u015ferek otokontrol becerilerin geli\u015fimini de sa\u011flar. Programda y\u00fcr\u00fct\u00fcc\u00fc dikkat becerileri ve bili\u015fsel becerilere dair egzersizler de yap\u0131larak dikkat s\u00fcresi ve kalitesinin artmas\u0131 hedeflenir.<\/span><\/p>\t\t\t\t\t\t<\/div>\n\t\t\t\t<\/div>\n\t\t\t\t\t<\/div>\n\t\t<\/div>\n\t\t\t\t\t\t\t<\/div>\n\t\t<\/section>\n\t\t\t\t\t\t\t<\/div>\n\t\t","protected":false},"excerpt":{"rendered":"<p>ATTENTIONER D\u0130KKAT GEL\u0130\u015eT\u0130RME PROGRAMI Almanya Bremen \u00dcniversitesi&#8217;nde geli\u015ftirilen Attentioner program\u0131, dikkat eksikli\u011fi hiperaktivite bozuklu\u011fu olan \u00e7ocuklara uygulanabildi\u011fi gibi dikkat eksikli\u011fi tan\u0131s\u0131 almay\u0131p varolan dikkat becerilerini geli\u015ftirmek isteyen \u00e7ocuklara da uygulanabilir. Programa 7-18 ya\u015f aral\u0131\u011f\u0131ndaki \u00e7ocuklar kat\u0131labilirler.\u00c7ocuklar\u0131n;Se\u00e7ici dikkatini (Belirli bir uyar\u0131c\u0131 ya da eylemle dikkati da\u011f\u0131tan ba\u015fka bir uyar\u0131c\u0131 oldu\u011fu halde ilgilenebilme kabiliyeti),B\u00f6l\u00fcnm\u00fc\u015f dikkatini ( Beynimizin [&hellip;]<\/p>\n","protected":false},"author":1,"featured_media":0,"parent":0,"menu_order":0,"comment_status":"closed","ping_status":"closed","template":"","meta":{"saved_in_kubio":false,"_joinchat":[],"footnotes":""},"class_list":["post-15","page","type-page","status-publish","hentry"],"kubio_ai_page_context":{"short_desc":"","purpose":"general"},"_links":{"self":[{"href":"https:\/\/www.duygubakir.com\/index.php\/wp-json\/wp\/v2\/pages\/15","targetHints":{"allow":["GET"]}}],"collection":[{"href":"https:\/\/www.duygubakir.com\/index.php\/wp-json\/wp\/v2\/pages"}],"about":[{"href":"https:\/\/www.duygubakir.com\/index.php\/wp-json\/wp\/v2\/types\/page"}],"author":[{"embeddable":true,"href":"https:\/\/www.duygubakir.com\/index.php\/wp-json\/wp\/v2\/users\/1"}],"replies":[{"embeddable":true,"href":"https:\/\/www.duygubakir.com\/index.php\/wp-json\/wp\/v2\/comments?post=15"}],"version-history":[{"count":13,"href":"https:\/\/www.duygubakir.com\/index.php\/wp-json\/wp\/v2\/pages\/15\/revisions"}],"predecessor-version":[{"id":159,"href":"https:\/\/www.duygubakir.com\/index.php\/wp-json\/wp\/v2\/pages\/15\/revisions\/159"}],"wp:attachment":[{"href":"https:\/\/www.duygubakir.com\/index.php\/wp-json\/wp\/v2\/media?parent=15"}],"curies":[{"name":"wp","href":"https:\/\/api.w.org\/{rel}","templated":true}]}}