{"id":14,"date":"2023-04-09T08:16:53","date_gmt":"2023-04-09T08:16:53","guid":{"rendered":"http:\/\/www.duygubakir.com\/?page_id=14"},"modified":"2025-04-13T20:02:02","modified_gmt":"2025-04-13T20:02:02","slug":"cocuk-ergen-psikoterapisi","status":"publish","type":"page","link":"https:\/\/www.duygubakir.com\/index.php\/cocuk-ergen-psikoterapisi\/","title":{"rendered":"\u00c7ocuk &#038; Ergen Dan\u0131\u015fmanl\u0131\u011f\u0131"},"content":{"rendered":"<style>\/*! elementor - v3.12.1 - 02-04-2023 *\/\n.elementor-widget-image{text-align:center}.elementor-widget-image a{display:inline-block}.elementor-widget-image a img[src$=\".svg\"]{width:48px}.elementor-widget-image img{vertical-align:middle;display:inline-block}<\/style>\n<p>\t\t\t\t\t\t\t\t\t\t\t\t<img decoding=\"async\" width=\"600\" height=\"425\" src=\"http:\/\/www.duygubakir.com\/wp-content\/uploads\/2023\/04\/children.png\" alt=\"\" loading=\"lazy\" srcset=\"http:\/\/www.duygubakir.com\/wp-content\/uploads\/2023\/04\/children.png 600w, http:\/\/www.duygubakir.com\/wp-content\/uploads\/2023\/04\/children-300x213.png 300w\" sizes=\"(max-width: 600px) 100vw, 600px\" \/>\t\t\t\t\t\t\t\t\t\t\t\t\t\t\t<\/p>\n<style>\/*! elementor - v3.12.1 - 02-04-2023 *\/\n.elementor-heading-title{padding:0;margin:0;line-height:1}.elementor-widget-heading .elementor-heading-title[class*=elementor-size-]>a{color:inherit;font-size:inherit;line-height:inherit}.elementor-widget-heading .elementor-heading-title.elementor-size-small{font-size:15px}.elementor-widget-heading .elementor-heading-title.elementor-size-medium{font-size:19px}.elementor-widget-heading .elementor-heading-title.elementor-size-large{font-size:29px}.elementor-widget-heading .elementor-heading-title.elementor-size-xl{font-size:39px}.elementor-widget-heading .elementor-heading-title.elementor-size-xxl{font-size:59px}<\/style>\n<h2>Oyun Terapisi Nedir?<\/h2>\n<pre>\u201dKu\u015flar U\u00e7ar, Bal\u0131klar Y\u00fczer, \u00c7ocuklar Oyun Oynar.\u201d (Garry L. Landreth)&nbsp;<br><\/pre>\n<pre style=\"color: rgb(34, 34, 34); font-family: Arial, Helvetica, sans-serif; font-size: small; background-color: rgb(255, 255, 255);\"><br>2,5- 10 ya\u015f i\u00e7in uygun olan oyun terapisi \u00e7ocuklarda terapinin oyun yoluyla yap\u0131lmas\u0131n\u0131 sa\u011flar. Yeti\u015fkin bireylerle terapiyi konu\u015farak s\u00fcrd\u00fcrsek de ayn\u0131 durum kelime hazinesi g\u00fc\u00e7l\u00fc olmayan ve hissettiklerini dile getiremeyen \u00e7ocuklar i\u00e7in ge\u00e7erli olmaz. \u00c7ocu\u011fun ileti\u015fim dili oyundur; \u00e7ocuk oyun oynarken ya\u015fad\u0131\u011f\u0131 olaylar\u0131, \u00f6fkesini, hayal k\u0131r\u0131kl\u0131klar\u0131n\u0131, mutlulu\u011funu oyuna ve se\u00e7ti\u011fi oyuncaklara yans\u0131t\u0131r. \u0130\u00e7 d\u00fcnyas\u0131n\u0131 d\u0131\u015fa vuran \u00e7ocuk oyun yoluyla kendini ifade etmeyi ve duygular\u0131n\u0131 d\u00fczenlemeyi \u00f6\u011frenebilir, ger\u00e7ek ya\u015fam\u0131nda \u00e7\u00f6z\u00fclmemi\u015f sorunlar\u0131 oyun yoluyla \u00e7\u00f6z\u00fcme kavu\u015fturabilir.<br>Garry Landreth\u2019in s\u00f6z\u00fcnde s\u00f6yledi\u011fi gibi ku\u015flar\u0131n u\u00e7mas\u0131, bal\u0131klar\u0131n y\u00fczmesi kadar do\u011fal ve gereklidir \u00e7ocuk i\u00e7in oyun oynamak. \u00c7ocuk oyun oynarken \u00f6zg\u00fcrd\u00fcr, g\u00fc\u00e7 ve kontrol sahibidir. Ya\u015fam\u0131nda kar\u015f\u0131la\u015fm\u0131\u015f oldu\u011fu ve kendisini etkileyen ya\u015fam olaylar\u0131n\u0131 oyun yoluyla yeniden canland\u0131rabilir; ki\u015filer ve olaylara m\u00fcdahale edebilir. B\u00f6ylece oyun \u00e7ocu\u011fun ya\u015fad\u0131\u011f\u0131 sorunlarla ba\u015f edebilme becerilerini de geli\u015ftirir.<\/pre>\n<p><b>Oyun Terapisi Ka\u00e7 Seans S\u00fcrer?<\/b><\/p>\n<p>\u00d6ncelikle terap\u00f6tik iyile\u015fmenin h\u0131zl\u0131 geli\u015fen bir s\u00fcre\u00e7 olmad\u0131\u011f\u0131n\u0131, uzun s\u00fcredir devam eden bir problemin hemen \u00e7\u00f6z\u00fclmesinin ger\u00e7ek\u00e7i bir beklenti olmayaca\u011f\u0131n\u0131 g\u00f6z \u00f6n\u00fcnde bulundurmak gerekir.&nbsp;<\/p>\n<p>Ortalama olarak oyun terapisi seanslar\u0131 12-24 seans aras\u0131nda de\u011fi\u015fiklik g\u00f6stermektedir. Ancak bu s\u00fcre \u00e7ocu\u011fa ve aileye g\u00f6re de\u011fi\u015fiklik g\u00f6sterebilir. \u00c7ok daha uzun s\u00fcreler terapi almay\u0131 gerektiren durumlar da olabilir.&nbsp;Baz\u0131 durumlar ise terapi gerektirmeyip sadece aileye verilen dan\u0131\u015fmanl\u0131k ile birka\u00e7 seans yap\u0131larak \u00e7\u00f6z\u00fclebilir.Terapi gerektiren durumlarda ise ailenin i\u015fbirli\u011fine a\u00e7\u0131k ve sab\u0131rl\u0131 olmas\u0131, s\u00fcreci yar\u0131da birakmamas\u0131 \u00f6nem ta\u015f\u0131r.<\/p>\n<p>\t\t\t\t\t\t\t\t\t\t\t\t\t\t\t<img decoding=\"async\" width=\"1024\" height=\"1002\" src=\"http:\/\/www.duygubakir.com\/wp-content\/uploads\/2023\/04\/IMG-20230422-WA0092-1024x1002.jpg\" alt=\"\" loading=\"lazy\" srcset=\"http:\/\/www.duygubakir.com\/wp-content\/uploads\/2023\/04\/IMG-20230422-WA0092-1024x1002.jpg 1024w, http:\/\/www.duygubakir.com\/wp-content\/uploads\/2023\/04\/IMG-20230422-WA0092-300x294.jpg 300w, http:\/\/www.duygubakir.com\/wp-content\/uploads\/2023\/04\/IMG-20230422-WA0092-768x752.jpg 768w, http:\/\/www.duygubakir.com\/wp-content\/uploads\/2023\/04\/IMG-20230422-WA0092.jpg 1080w\" sizes=\"(max-width: 1024px) 100vw, 1024px\" \/><br \/>\n\t\t\t\t\t\t\t\t\t\t\t\t\t\t\t<img decoding=\"async\" width=\"1024\" height=\"1002\" src=\"http:\/\/www.duygubakir.com\/wp-content\/uploads\/2023\/04\/IMG-20230422-WA0091-1024x1002.jpg\" alt=\"\" loading=\"lazy\" srcset=\"http:\/\/www.duygubakir.com\/wp-content\/uploads\/2023\/04\/IMG-20230422-WA0091-1024x1002.jpg 1024w, http:\/\/www.duygubakir.com\/wp-content\/uploads\/2023\/04\/IMG-20230422-WA0091-300x294.jpg 300w, http:\/\/www.duygubakir.com\/wp-content\/uploads\/2023\/04\/IMG-20230422-WA0091-768x752.jpg 768w, http:\/\/www.duygubakir.com\/wp-content\/uploads\/2023\/04\/IMG-20230422-WA0091.jpg 1080w\" sizes=\"(max-width: 1024px) 100vw, 1024px\" \/><\/p>\n","protected":false},"excerpt":{"rendered":"<p>Oyun Terapisi Nedir? \u201dKu\u015flar U\u00e7ar, Bal\u0131klar Y\u00fczer, \u00c7ocuklar Oyun Oynar.\u201d (Garry L. Landreth)&nbsp; 2,5- 10 ya\u015f i\u00e7in uygun olan oyun terapisi \u00e7ocuklarda terapinin oyun yoluyla yap\u0131lmas\u0131n\u0131 sa\u011flar. Yeti\u015fkin bireylerle terapiyi konu\u015farak s\u00fcrd\u00fcrsek de ayn\u0131 durum kelime hazinesi g\u00fc\u00e7l\u00fc olmayan ve hissettiklerini dile getiremeyen \u00e7ocuklar i\u00e7in ge\u00e7erli olmaz. \u00c7ocu\u011fun ileti\u015fim dili oyundur; \u00e7ocuk oyun oynarken ya\u015fad\u0131\u011f\u0131 [&hellip;]<\/p>\n","protected":false},"author":1,"featured_media":0,"parent":0,"menu_order":0,"comment_status":"closed","ping_status":"closed","template":"","meta":{"saved_in_kubio":false,"_joinchat":[],"footnotes":""},"class_list":["post-14","page","type-page","status-publish","hentry"],"kubio_ai_page_context":{"short_desc":"","purpose":"general"},"_links":{"self":[{"href":"https:\/\/www.duygubakir.com\/index.php\/wp-json\/wp\/v2\/pages\/14","targetHints":{"allow":["GET"]}}],"collection":[{"href":"https:\/\/www.duygubakir.com\/index.php\/wp-json\/wp\/v2\/pages"}],"about":[{"href":"https:\/\/www.duygubakir.com\/index.php\/wp-json\/wp\/v2\/types\/page"}],"author":[{"embeddable":true,"href":"https:\/\/www.duygubakir.com\/index.php\/wp-json\/wp\/v2\/users\/1"}],"replies":[{"embeddable":true,"href":"https:\/\/www.duygubakir.com\/index.php\/wp-json\/wp\/v2\/comments?post=14"}],"version-history":[{"count":11,"href":"https:\/\/www.duygubakir.com\/index.php\/wp-json\/wp\/v2\/pages\/14\/revisions"}],"predecessor-version":[{"id":528,"href":"https:\/\/www.duygubakir.com\/index.php\/wp-json\/wp\/v2\/pages\/14\/revisions\/528"}],"wp:attachment":[{"href":"https:\/\/www.duygubakir.com\/index.php\/wp-json\/wp\/v2\/media?parent=14"}],"curies":[{"name":"wp","href":"https:\/\/api.w.org\/{rel}","templated":true}]}}