{"id":13,"date":"2023-04-09T08:16:53","date_gmt":"2023-04-09T08:16:53","guid":{"rendered":"http:\/\/www.duygubakir.com\/?page_id=13"},"modified":"2025-04-13T20:03:32","modified_gmt":"2025-04-13T20:03:32","slug":"yetiskin-psikoterapisi","status":"publish","type":"page","link":"https:\/\/www.duygubakir.com\/index.php\/yetiskin-psikoterapisi\/","title":{"rendered":"Yeti\u015fkin Dan\u0131\u015fmanl\u0131\u011f\u0131"},"content":{"rendered":"\t\t<div data-elementor-type=\"wp-page\" data-elementor-id=\"13\" class=\"elementor elementor-13\">\n\t\t\t\t\t\t\t\t\t<section class=\"elementor-section elementor-top-section elementor-element elementor-element-0b3f9cf elementor-section-boxed elementor-section-height-default elementor-section-height-default\" data-id=\"0b3f9cf\" data-element_type=\"section\">\n\t\t\t\t\t\t<div class=\"elementor-container elementor-column-gap-default\">\n\t\t\t\t\t<div class=\"elementor-column elementor-col-50 elementor-top-column elementor-element elementor-element-d754cd5\" data-id=\"d754cd5\" data-element_type=\"column\">\n\t\t\t<div class=\"elementor-widget-wrap elementor-element-populated\">\n\t\t\t\t\t\t\t\t<div class=\"elementor-element elementor-element-6158798 elementor-widget elementor-widget-image\" data-id=\"6158798\" data-element_type=\"widget\" data-widget_type=\"image.default\">\n\t\t\t\t<div class=\"elementor-widget-container\">\n\t\t\t<style>\/*! elementor - v3.12.1 - 02-04-2023 *\/\n.elementor-widget-image{text-align:center}.elementor-widget-image a{display:inline-block}.elementor-widget-image a img[src$=\".svg\"]{width:48px}.elementor-widget-image img{vertical-align:middle;display:inline-block}<\/style>\t\t\t\t\t\t\t\t\t\t\t\t<img loading=\"lazy\" decoding=\"async\" width=\"612\" height=\"486\" src=\"https:\/\/www.duygubakir.com\/wp-content\/uploads\/2023\/04\/istockphoto-1279827640-612x612-1.jpg\" class=\"attachment-large size-large wp-image-219\" alt=\"\" srcset=\"https:\/\/www.duygubakir.com\/wp-content\/uploads\/2023\/04\/istockphoto-1279827640-612x612-1.jpg 612w, https:\/\/www.duygubakir.com\/wp-content\/uploads\/2023\/04\/istockphoto-1279827640-612x612-1-300x238.jpg 300w\" sizes=\"(max-width: 612px) 100vw, 612px\" \/>\t\t\t\t\t\t\t\t\t\t\t\t\t\t\t<\/div>\n\t\t\t\t<\/div>\n\t\t\t\t\t<\/div>\n\t\t<\/div>\n\t\t\t\t<div class=\"elementor-column elementor-col-50 elementor-top-column elementor-element elementor-element-d4b8379\" data-id=\"d4b8379\" data-element_type=\"column\">\n\t\t\t<div class=\"elementor-widget-wrap elementor-element-populated\">\n\t\t\t\t\t\t\t\t<div class=\"elementor-element elementor-element-e2bb361 elementor-widget elementor-widget-text-editor\" data-id=\"e2bb361\" data-element_type=\"widget\" data-widget_type=\"text-editor.default\">\n\t\t\t\t<div class=\"elementor-widget-container\">\n\t\t\t<style>\/*! elementor - v3.12.1 - 02-04-2023 *\/\n.elementor-widget-text-editor.elementor-drop-cap-view-stacked .elementor-drop-cap{background-color:#69727d;color:#fff}.elementor-widget-text-editor.elementor-drop-cap-view-framed .elementor-drop-cap{color:#69727d;border:3px solid;background-color:transparent}.elementor-widget-text-editor:not(.elementor-drop-cap-view-default) .elementor-drop-cap{margin-top:8px}.elementor-widget-text-editor:not(.elementor-drop-cap-view-default) .elementor-drop-cap-letter{width:1em;height:1em}.elementor-widget-text-editor .elementor-drop-cap{float:left;text-align:center;line-height:1;font-size:50px}.elementor-widget-text-editor .elementor-drop-cap-letter{display:inline-block}<\/style>\t\t\t\t<p><span style=\"color: rgb(34, 34, 34); font-family: Arial, Helvetica, sans-serif; font-size: small; background-color: rgb(255, 255, 255);\">Bireyler \u00e7o\u011funlukla kendilerini daha iyi hissetmek ve hayatlar\u0131nda baz\u0131 \u015feyleri de\u011fi\u015ftirmek amac\u0131yla terapiye ba\u015fvururlar. Terapide \u00f6ncelikli ama\u00e7 ki\u015finin ifade edebildi\u011fi ve edemedi\u011fi sorunlar\u0131 anlamakt\u0131r.<\/span><\/p>\n<div dir=\"auto\" style=\"color: rgb(34, 34, 34); font-family: Arial, Helvetica, sans-serif; font-size: small; background-color: rgb(255, 255, 255);\">Ki\u015finin <b>duygular\u0131na, d\u00fc\u015f\u00fcncelerine ve davran\u0131\u015flar\u0131na dair fark\u0131ndal\u0131\u011f\u0131 artt\u0131rmak<\/b>&nbsp;terapinin temel ama\u00e7lar\u0131 aras\u0131ndad\u0131r.<\/div>\n<div dir=\"auto\" style=\"color: rgb(34, 34, 34); font-family: Arial, Helvetica, sans-serif; font-size: small; background-color: rgb(255, 255, 255);\">Terapiyi <b>ki\u015finin kendisini tan\u0131ma s\u00fcreci<\/b>&nbsp;olarak d\u00fc\u015f\u00fcnebiliriz. Terapistler s\u00fcre\u00e7 i\u00e7inde \u00f6\u011f\u00fct vermez ve dan\u0131\u015fana ne yapmas\u0131 gerekti\u011fiyle ilgili tavsiye vermezler. Ama\u00e7; ki\u015finin kendisindeki fark\u0131nda olmad\u0131\u011f\u0131 g\u00fcc\u00fc fark etmesini sa\u011flayarak cesaretlendirmektir.<\/div>\n<div dir=\"auto\" style=\"color: rgb(34, 34, 34); font-family: Arial, Helvetica, sans-serif; font-size: small; background-color: rgb(255, 255, 255);\"><br><\/div>\n<div dir=\"auto\" style=\"color: rgb(34, 34, 34); font-family: Arial, Helvetica, sans-serif; font-size: small; background-color: rgb(255, 255, 255);\"><b>Psikolo\u011fa Ne Zaman Gidilir?<\/b><\/div>\n<div dir=\"auto\" style=\"color: rgb(34, 34, 34); font-family: Arial, Helvetica, sans-serif; font-size: small; background-color: rgb(255, 255, 255);\"><br><\/div>\n<div dir=\"auto\" style=\"color: rgb(34, 34, 34); font-family: Arial, Helvetica, sans-serif; font-size: small; background-color: rgb(255, 255, 255);\">Ruhsal sa\u011fl\u0131\u011f\u0131m\u0131z da fiziksel sa\u011fl\u0131\u011f\u0131m\u0131z kadar \u00f6nem ta\u015f\u0131makta ve birbirini tamamlamaktad\u0131r.<\/div>\n<div dir=\"auto\" style=\"color: rgb(34, 34, 34); font-family: Arial, Helvetica, sans-serif; font-size: small; background-color: rgb(255, 255, 255);\"><br><\/div>\n<div dir=\"auto\" style=\"color: rgb(34, 34, 34); font-family: Arial, Helvetica, sans-serif; font-size: small; background-color: rgb(255, 255, 255);\">\u2713G\u00fcnl\u00fck ya\u015fam\u0131 etkileyecek \u015fekilde ki\u015filer aras\u0131 ili\u015fkiler bozuldu\u011funda,<\/div>\n<div dir=\"auto\" style=\"color: rgb(34, 34, 34); font-family: Arial, Helvetica, sans-serif; font-size: small; background-color: rgb(255, 255, 255);\">\u2713Hayat\u0131n normal ak\u0131\u015f\u0131n\u0131 aksatan duygu ve d\u00fc\u015f\u00fcncelere sahip olundu\u011funda,<\/div>\n<div dir=\"auto\" style=\"color: rgb(34, 34, 34); font-family: Arial, Helvetica, sans-serif; font-size: small; background-color: rgb(255, 255, 255);\">\u2713Ya\u015famda kar\u015f\u0131la\u015f\u0131lan s\u0131k\u0131nt\u0131larla ba\u015f etmekte zorlan\u0131ld\u0131\u011f\u0131nda,&nbsp;<\/div>\n<div dir=\"auto\" style=\"color: rgb(34, 34, 34); font-family: Arial, Helvetica, sans-serif; font-size: small; background-color: rgb(255, 255, 255);\">\u2713Kendini daha iyi tan\u0131mak ve ke\u015ffetmek amac\u0131yla&nbsp;<span style=\"font-weight: var( --e-global-typography-text-font-weight );\">psikolo\u011fa gidilebilir<\/span><\/div>\t\t\t\t\t\t<\/div>\n\t\t\t\t<\/div>\n\t\t\t\t\t<\/div>\n\t\t<\/div>\n\t\t\t\t\t\t\t<\/div>\n\t\t<\/section>\n\t\t\t\t<section class=\"elementor-section elementor-top-section elementor-element elementor-element-0086f96 elementor-section-boxed elementor-section-height-default elementor-section-height-default\" data-id=\"0086f96\" data-element_type=\"section\">\n\t\t\t\t\t\t<div class=\"elementor-container elementor-column-gap-default\">\n\t\t\t\t\t<div class=\"elementor-column elementor-col-100 elementor-top-column elementor-element elementor-element-b411236\" data-id=\"b411236\" data-element_type=\"column\">\n\t\t\t<div class=\"elementor-widget-wrap elementor-element-populated\">\n\t\t\t\t\t\t\t\t<div class=\"elementor-element elementor-element-6d01419 elementor-widget elementor-widget-text-editor\" data-id=\"6d01419\" data-element_type=\"widget\" data-widget_type=\"text-editor.default\">\n\t\t\t\t<div class=\"elementor-widget-container\">\n\t\t\t\t\t\t\t<div dir=\"auto\" style=\"color: rgb(34, 34, 34); font-family: Arial, Helvetica, sans-serif; font-size: small; background-color: rgb(255, 255, 255);\">Psikolojik dan\u0131\u015fmanl\u0131k deste\u011fi alman\u0131z i\u00e7in bir probleminiz olmas\u0131 \u015fart de\u011fildir. Herkesin zaman zaman ba\u015fka bir a\u00e7\u0131dan bakmaya ve kendini ke\u015ffetmeye ihtiyac\u0131 olabilir.&nbsp;<\/div><div dir=\"auto\" style=\"color: rgb(34, 34, 34); font-family: Arial, Helvetica, sans-serif; font-size: small; background-color: rgb(255, 255, 255);\">\u2713 Ya\u015fam doyumunu artt\u0131rmak,<\/div><div dir=\"auto\" style=\"color: rgb(34, 34, 34); font-family: Arial, Helvetica, sans-serif; font-size: small; background-color: rgb(255, 255, 255);\">\u2713 Bilin\u00e7li ve sa\u011fl\u0131kl\u0131 ruh haliyle<\/div><div dir=\"auto\" style=\"color: rgb(34, 34, 34); font-family: Arial, Helvetica, sans-serif; font-size: small; background-color: rgb(255, 255, 255);\">\u2713 Kendinizi tan\u0131mak ve ke\u015ffetmek amac\u0131yla da psikolojik destek alabilirsiniz.<\/div>\t\t\t\t\t\t<\/div>\n\t\t\t\t<\/div>\n\t\t\t\t\t<\/div>\n\t\t<\/div>\n\t\t\t\t\t\t\t<\/div>\n\t\t<\/section>\n\t\t\t\t\t\t\t<\/div>\n\t\t","protected":false},"excerpt":{"rendered":"<p>Bireyler \u00e7o\u011funlukla kendilerini daha iyi hissetmek ve hayatlar\u0131nda baz\u0131 \u015feyleri de\u011fi\u015ftirmek amac\u0131yla terapiye ba\u015fvururlar. Terapide \u00f6ncelikli ama\u00e7 ki\u015finin ifade edebildi\u011fi ve edemedi\u011fi sorunlar\u0131 anlamakt\u0131r. Ki\u015finin duygular\u0131na, d\u00fc\u015f\u00fcncelerine ve davran\u0131\u015flar\u0131na dair fark\u0131ndal\u0131\u011f\u0131 artt\u0131rmak&nbsp;terapinin temel ama\u00e7lar\u0131 aras\u0131ndad\u0131r. Terapiyi ki\u015finin kendisini tan\u0131ma s\u00fcreci&nbsp;olarak d\u00fc\u015f\u00fcnebiliriz. Terapistler s\u00fcre\u00e7 i\u00e7inde \u00f6\u011f\u00fct vermez ve dan\u0131\u015fana ne yapmas\u0131 gerekti\u011fiyle ilgili tavsiye vermezler. Ama\u00e7; [&hellip;]<\/p>\n","protected":false},"author":1,"featured_media":0,"parent":0,"menu_order":0,"comment_status":"closed","ping_status":"closed","template":"","meta":{"saved_in_kubio":false,"_joinchat":[],"footnotes":""},"class_list":["post-13","page","type-page","status-publish","hentry"],"kubio_ai_page_context":{"short_desc":"","purpose":"general"},"_links":{"self":[{"href":"https:\/\/www.duygubakir.com\/index.php\/wp-json\/wp\/v2\/pages\/13","targetHints":{"allow":["GET"]}}],"collection":[{"href":"https:\/\/www.duygubakir.com\/index.php\/wp-json\/wp\/v2\/pages"}],"about":[{"href":"https:\/\/www.duygubakir.com\/index.php\/wp-json\/wp\/v2\/types\/page"}],"author":[{"embeddable":true,"href":"https:\/\/www.duygubakir.com\/index.php\/wp-json\/wp\/v2\/users\/1"}],"replies":[{"embeddable":true,"href":"https:\/\/www.duygubakir.com\/index.php\/wp-json\/wp\/v2\/comments?post=13"}],"version-history":[{"count":14,"href":"https:\/\/www.duygubakir.com\/index.php\/wp-json\/wp\/v2\/pages\/13\/revisions"}],"predecessor-version":[{"id":529,"href":"https:\/\/www.duygubakir.com\/index.php\/wp-json\/wp\/v2\/pages\/13\/revisions\/529"}],"wp:attachment":[{"href":"https:\/\/www.duygubakir.com\/index.php\/wp-json\/wp\/v2\/media?parent=13"}],"curies":[{"name":"wp","href":"https:\/\/api.w.org\/{rel}","templated":true}]}}