{"id":10,"date":"2023-04-09T08:16:53","date_gmt":"2023-04-09T08:16:53","guid":{"rendered":"http:\/\/www.duygubakir.com\/?page_id=10"},"modified":"2025-04-13T20:13:47","modified_gmt":"2025-04-13T20:13:47","slug":"hakkimda","status":"publish","type":"page","link":"https:\/\/www.duygubakir.com\/index.php\/hakkimda\/","title":{"rendered":"Hakk\u0131mda"},"content":{"rendered":"\t\t<div data-elementor-type=\"wp-page\" data-elementor-id=\"10\" class=\"elementor elementor-10\">\n\t\t\t\t\t\t\t\t\t<section class=\"elementor-section elementor-top-section elementor-element elementor-element-dc2f6cd elementor-section-boxed elementor-section-height-default elementor-section-height-default\" data-id=\"dc2f6cd\" data-element_type=\"section\">\n\t\t\t\t\t\t<div class=\"elementor-container elementor-column-gap-default\">\n\t\t\t\t\t<div class=\"elementor-column elementor-col-50 elementor-top-column elementor-element elementor-element-e6fe165\" data-id=\"e6fe165\" data-element_type=\"column\">\n\t\t\t<div class=\"elementor-widget-wrap elementor-element-populated\">\n\t\t\t\t\t\t\t\t<div class=\"elementor-element elementor-element-ea5e378 elementor-widget elementor-widget-image\" data-id=\"ea5e378\" data-element_type=\"widget\" data-widget_type=\"image.default\">\n\t\t\t\t<div class=\"elementor-widget-container\">\n\t\t\t<style>\/*! elementor - v3.12.1 - 02-04-2023 *\/\n.elementor-widget-image{text-align:center}.elementor-widget-image a{display:inline-block}.elementor-widget-image a img[src$=\".svg\"]{width:48px}.elementor-widget-image img{vertical-align:middle;display:inline-block}<\/style>\t\t\t\t\t\t\t\t\t\t\t\t<img loading=\"lazy\" decoding=\"async\" width=\"1200\" height=\"1600\" src=\"https:\/\/www.duygubakir.com\/wp-content\/uploads\/2023\/04\/IMG-20230404-WA00351.jpg\" class=\"attachment-full size-full wp-image-131\" alt=\"\" srcset=\"https:\/\/www.duygubakir.com\/wp-content\/uploads\/2023\/04\/IMG-20230404-WA00351.jpg 1200w, https:\/\/www.duygubakir.com\/wp-content\/uploads\/2023\/04\/IMG-20230404-WA00351-225x300.jpg 225w, https:\/\/www.duygubakir.com\/wp-content\/uploads\/2023\/04\/IMG-20230404-WA00351-768x1024.jpg 768w, https:\/\/www.duygubakir.com\/wp-content\/uploads\/2023\/04\/IMG-20230404-WA00351-1152x1536.jpg 1152w, https:\/\/www.duygubakir.com\/wp-content\/uploads\/2023\/04\/IMG-20230404-WA00351-810x1080.jpg 810w\" sizes=\"(max-width: 1200px) 100vw, 1200px\" \/>\t\t\t\t\t\t\t\t\t\t\t\t\t\t\t<\/div>\n\t\t\t\t<\/div>\n\t\t\t\t\t<\/div>\n\t\t<\/div>\n\t\t\t\t<div class=\"elementor-column elementor-col-50 elementor-top-column elementor-element elementor-element-836055f\" data-id=\"836055f\" data-element_type=\"column\">\n\t\t\t<div class=\"elementor-widget-wrap elementor-element-populated\">\n\t\t\t\t\t\t\t\t<div class=\"elementor-element elementor-element-0f05734 elementor-widget elementor-widget-text-editor\" data-id=\"0f05734\" data-element_type=\"widget\" data-widget_type=\"text-editor.default\">\n\t\t\t\t<div class=\"elementor-widget-container\">\n\t\t\t<style>\/*! elementor - v3.12.1 - 02-04-2023 *\/\n.elementor-widget-text-editor.elementor-drop-cap-view-stacked .elementor-drop-cap{background-color:#69727d;color:#fff}.elementor-widget-text-editor.elementor-drop-cap-view-framed .elementor-drop-cap{color:#69727d;border:3px solid;background-color:transparent}.elementor-widget-text-editor:not(.elementor-drop-cap-view-default) .elementor-drop-cap{margin-top:8px}.elementor-widget-text-editor:not(.elementor-drop-cap-view-default) .elementor-drop-cap-letter{width:1em;height:1em}.elementor-widget-text-editor .elementor-drop-cap{float:left;text-align:center;line-height:1;font-size:50px}.elementor-widget-text-editor .elementor-drop-cap-letter{display:inline-block}<\/style>\t\t\t\t<p><b>Uzman Psikolog &amp; Aile Dan\u0131\u015fman\u0131 Duygu Bak\u0131r<\/b><\/p>\n<p>Psikoloji lisans e\u011fitimimi 2017 y\u0131l\u0131nda \u0130stanbul Ticaret \u00dcniversitesi\u2019nde fak\u00fclte ve b\u00f6l\u00fcm&nbsp;<span style=\"color: rgba(var(--kubio-color-2),1);\">ikincili\u011fi ile tamamlad\u0131m. Lisans e\u011fitim s\u00fcrecinde bir yaz\u0131l\u0131m \u015firketi \u00e7al\u0131\u015fanlar\u0131 \u00fczerinde&nbsp;<\/span><span style=\"color: rgba(var(--kubio-color-2),1);\">yapm\u0131\u015f oldu\u011fum ara\u015ft\u0131rmay\u0131 \u201cYenilenme Deneyimi, \u0130\u015f Stresi, Ba\u015fa \u00c7\u0131kma Tutumlar\u0131 ve&nbsp;<\/span><span style=\"color: rgba(var(--kubio-color-2),1);\">Bilin\u00e7li Fark\u0131ndal\u0131k \u0130li\u015fkisi\u201d ba\u015fl\u0131\u011f\u0131 ile V. \u00d6rg\u00fctsel Davran\u0131\u015f Kongresi\u2019nde s\u00f6zel bildiri olarak&nbsp;<\/span><span style=\"color: rgba(var(--kubio-color-2),1);\">sundum. Y\u00fcksek lisans e\u011fitimimi tam burslu olarak kabul edildi\u011fim \u0130stanbul Ticaret&nbsp;<\/span><span style=\"color: rgba(var(--kubio-color-2),1);\">\u00dcniversitesi Aile Dan\u0131\u015fmanl\u0131\u011f\u0131 ve E\u011fitimi b\u00f6l\u00fcm\u00fcnde farkl\u0131 geli\u015fen \u00e7ocuklar\u0131n ebeveynlerinde&nbsp;<\/span><span style=\"color: rgba(var(--kubio-color-2),1);\">\u00f6z \u015fefkat ve aile deste\u011finin ebeveyn stresi \u00fczerindeki etkisinin incelenmesi \u00fczerine yazd\u0131\u011f\u0131m&nbsp;<\/span><span style=\"color: rgba(var(--kubio-color-2),1);\">tez ile 2020 y\u0131l\u0131nda tamamlad\u0131m. Y\u00fcksek lisans e\u011fitimim s\u00fcrecinde 4. Uluslararas\u0131 Bilimsel&nbsp;<\/span><span style=\"color: rgba(var(--kubio-color-2),1);\">Ara\u015ft\u0131rmalar Kongresi\u2019nde \u201cInvestigation of the Relationships Between Self- Compassion&nbsp;<\/span><span style=\"color: rgba(var(--kubio-color-2),1);\">and Social Support Perception and Parental Stress in Parents of Differently Developing&nbsp;<\/span><span style=\"color: rgba(var(--kubio-color-2),1);\">Children\u201d ba\u015fl\u0131kl\u0131 s\u00f6zel bildiri sunumu ger\u00e7ekle\u015ftirdim. Humanistic Perspective dergisinde&nbsp;<\/span><span style=\"color: rgba(var(--kubio-color-2),1);\">\u201cInvestigation of the Impact of Self-Compassion and Family Support Perception on Parenting&nbsp;<\/span><span style=\"color: rgba(var(--kubio-color-2),1);\">Stress in Parents Who Have Children with Learning Disability, Autism Spectrum Disorder&nbsp;<\/span><span style=\"color: rgba(var(--kubio-color-2),1);\">and Mental Disability\u201d ba\u015fl\u0131kl\u0131 ara\u015ft\u0131rma makalemi yay\u0131nlad\u0131m.<\/span><\/p>\n<p>Mezuniyetimin ard\u0131ndan, \u00f6zel bir dan\u0131\u015fmanl\u0131k merkezinde proje kapsam\u0131nda \u0130BB&nbsp;<span style=\"color: rgba(var(--kubio-color-2),1);\">\u00e7al\u0131\u015fanlar\u0131n\u0131n MMPI testlerinin yorumlanmas\u0131nda ve \u00f6zel yetenekli \u00f6\u011frencilere dan\u0131\u015fmanl\u0131k&nbsp;<\/span><span style=\"color: rgba(var(--kubio-color-2),1);\">veren \u00dcsk\u00fcdar \u00c7ocuk \u00dcniversitesi\u2019nde zeka testlerinin uygulanmas\u0131 ve yorumlanmas\u0131nda&nbsp;<\/span><span style=\"color: rgba(var(--kubio-color-2),1);\">g\u00f6rev ald\u0131m, \u00f6zel e\u011fitim ve rehabilitasyon merkezinde \u00e7ocuk ve ailelere y\u00f6nelik psikolojik&nbsp;<\/span><span style=\"color: rgba(var(--kubio-color-2),1);\">dan\u0131\u015fmanl\u0131k ve aile dan\u0131\u015fmanl\u0131\u011f\u0131 verdim, kolej ve anaokullar\u0131nda uzman psikolog olarak&nbsp;<\/span><span style=\"color: rgba(var(--kubio-color-2),1);\">g\u00f6rev ald\u0131m. \u00d6zel bir psikolojik dan\u0131\u015fmanl\u0131k merkezinde s\u00fcpervizyon e\u015fli\u011finde oyun temelli \u00e7ocuk dan\u0131\u015fmanl\u0131\u011f\u0131 ve yeti\u015fkin dan\u0131\u015fmanl\u0131\u011f\u0131 verdim<\/span><span style=\"color: rgba(var(--kubio-color-2),1);\">. Dikkat Eksikli\u011fi ve Hiperaktivitesi olan&nbsp;<\/span><span style=\"color: rgba(var(--kubio-color-2),1);\">\u00e7ocuklarla Attentioner Dikkat Geli\u015ftirme programlar\u0131 ile \u00e7al\u0131\u015ft\u0131m.<\/span><\/p>\t\t\t\t\t\t<\/div>\n\t\t\t\t<\/div>\n\t\t\t\t\t<\/div>\n\t\t<\/div>\n\t\t\t\t\t\t\t<\/div>\n\t\t<\/section>\n\t\t\t\t<section class=\"elementor-section elementor-top-section elementor-element elementor-element-bdeb5fe elementor-section-boxed elementor-section-height-default elementor-section-height-default\" data-id=\"bdeb5fe\" data-element_type=\"section\">\n\t\t\t\t\t\t<div class=\"elementor-container elementor-column-gap-default\">\n\t\t\t\t\t<div class=\"elementor-column elementor-col-100 elementor-top-column elementor-element elementor-element-21634ea\" data-id=\"21634ea\" data-element_type=\"column\">\n\t\t\t<div class=\"elementor-widget-wrap elementor-element-populated\">\n\t\t\t\t\t\t\t\t<div class=\"elementor-element elementor-element-8f7dc6c elementor-widget elementor-widget-text-editor\" data-id=\"8f7dc6c\" data-element_type=\"widget\" data-widget_type=\"text-editor.default\">\n\t\t\t\t<div class=\"elementor-widget-container\">\n\t\t\t\t\t\t\t<p>2018 Eyl\u00fcl ay\u0131nda Kognitif ve Davran\u0131\u015f\u00e7\u0131 Terapiler Derne\u011fi\u2019nde Prof. Dr. Mehmet Zihni&nbsp;<span style=\"color: rgba(var(--kubio-color-2),1);\">Sungur\u2019dan almaya ba\u015flad\u0131\u011f\u0131m Kognitif Davran\u0131\u015f\u00e7\u0131 Terapi e\u011fitiminde \u201cAnksiyete Bozukluklar\u0131&nbsp;<\/span><span style=\"color: rgba(var(--kubio-color-2),1);\">ve Depresyonda De\u011ferlendirme, Vaka Form\u00fclasyonu Olu\u015fturma\u201d konular\u0131nda 100 saatlik&nbsp;<\/span><span style=\"color: rgba(var(--kubio-color-2),1);\">teori ve 100 saatlik uygulamal\u0131 s\u00fcpervizyon e\u011fitimimi tamamlad\u0131m. E\u011fitimin son a\u015famas\u0131&nbsp;<\/span><span style=\"color: rgba(var(--kubio-color-2),1);\">olan \u201c3. Ku\u015fak Terapiler (Metakognitif terapi, kabul ve kararl\u0131l\u0131k terapisi, \u015fema terapi), Yeme&nbsp;<\/span><span style=\"color: rgba(var(--kubio-color-2),1);\">Bozukluklar\u0131, Alkol- Madde Ba\u011f\u0131ml\u0131l\u0131\u011f\u0131, Ki\u015filik Bozukluklar\u0131 ( \u015eizofreni, Bipolar, Borderline&nbsp;<\/span><span style=\"color: rgba(var(--kubio-color-2),1);\">Bozukluk), \u00c7ift Terapisi ve Cinsel \u0130\u015flev Bozukluklar\u0131 konular\u0131ndaki teorik ve s\u00fcpervizyon&nbsp;<\/span><span style=\"color: rgba(var(--kubio-color-2),1);\">e\u011fitimimi tamamlayarak Avrupa akredite (EABCT) kognitif davran\u0131\u015f\u00e7\u0131 terapist unvan\u0131 ald\u0131m.<\/span><\/p>\n<p>Psikoloji \u0130stanbul\u2019da Nil\u00fcfer Devecigil\u2019den Deneyimsel Oyun terapisi, Ay Enstit\u00fc\u2019de Asena&nbsp;<span style=\"color: rgba(var(--kubio-color-2),1);\">Yurtsever\u2019den Emdr 1. d\u00fczey e\u011fitimi ald\u0131m.<\/span><\/p>\n<p>\u0130stanbul Bak\u0131rk\u00f6y&#8217;de ve Gaziosmanpa\u015fa&#8217;da uzman psikolog ve aile dan\u0131\u015fman\u0131 olarak \u00e7ocuk, ergen,<span style=\"color: rgba(var(--kubio-color-2),1);\">&nbsp;yeti\u015fkin ve \u00e7iftlere dan\u0131\u015fmanl\u0131k vermekteyim.&nbsp;<\/span><span style=\"color: rgba(var(--kubio-color-2),1);\">\u00c7ocuk ve ergenlere y\u00f6nelik Attentioner Dikkat geli\u015ftirme ve Peers Sosyal beceri&nbsp;<\/span><span style=\"color: rgba(var(--kubio-color-2),1);\">geli\u015ftirme grup oturumlar\u0131 a\u00e7maktay\u0131m. \u00c7ocuklara Todi- Cognit program\u0131 uygulamas\u0131 yapmaktay\u0131m.<\/span><\/p>\t\t\t\t\t\t<\/div>\n\t\t\t\t<\/div>\n\t\t\t\t\t<\/div>\n\t\t<\/div>\n\t\t\t\t\t\t\t<\/div>\n\t\t<\/section>\n\t\t\t\t\t\t\t<\/div>\n\t\t","protected":false},"excerpt":{"rendered":"<p>Uzman Psikolog &amp; Aile Dan\u0131\u015fman\u0131 Duygu Bak\u0131r Psikoloji lisans e\u011fitimimi 2017 y\u0131l\u0131nda \u0130stanbul Ticaret \u00dcniversitesi\u2019nde fak\u00fclte ve b\u00f6l\u00fcm&nbsp;ikincili\u011fi ile tamamlad\u0131m. Lisans e\u011fitim s\u00fcrecinde bir yaz\u0131l\u0131m \u015firketi \u00e7al\u0131\u015fanlar\u0131 \u00fczerinde&nbsp;yapm\u0131\u015f oldu\u011fum ara\u015ft\u0131rmay\u0131 \u201cYenilenme Deneyimi, \u0130\u015f Stresi, Ba\u015fa \u00c7\u0131kma Tutumlar\u0131 ve&nbsp;Bilin\u00e7li Fark\u0131ndal\u0131k \u0130li\u015fkisi\u201d ba\u015fl\u0131\u011f\u0131 ile V. \u00d6rg\u00fctsel Davran\u0131\u015f Kongresi\u2019nde s\u00f6zel bildiri olarak&nbsp;sundum. Y\u00fcksek lisans e\u011fitimimi tam burslu olarak [&hellip;]<\/p>\n","protected":false},"author":1,"featured_media":0,"parent":0,"menu_order":0,"comment_status":"closed","ping_status":"closed","template":"","meta":{"saved_in_kubio":false,"_joinchat":[],"footnotes":""},"class_list":["post-10","page","type-page","status-publish","hentry"],"kubio_ai_page_context":{"short_desc":"","purpose":"general"},"_links":{"self":[{"href":"https:\/\/www.duygubakir.com\/index.php\/wp-json\/wp\/v2\/pages\/10","targetHints":{"allow":["GET"]}}],"collection":[{"href":"https:\/\/www.duygubakir.com\/index.php\/wp-json\/wp\/v2\/pages"}],"about":[{"href":"https:\/\/www.duygubakir.com\/index.php\/wp-json\/wp\/v2\/types\/page"}],"author":[{"embeddable":true,"href":"https:\/\/www.duygubakir.com\/index.php\/wp-json\/wp\/v2\/users\/1"}],"replies":[{"embeddable":true,"href":"https:\/\/www.duygubakir.com\/index.php\/wp-json\/wp\/v2\/comments?post=10"}],"version-history":[{"count":25,"href":"https:\/\/www.duygubakir.com\/index.php\/wp-json\/wp\/v2\/pages\/10\/revisions"}],"predecessor-version":[{"id":540,"href":"https:\/\/www.duygubakir.com\/index.php\/wp-json\/wp\/v2\/pages\/10\/revisions\/540"}],"wp:attachment":[{"href":"https:\/\/www.duygubakir.com\/index.php\/wp-json\/wp\/v2\/media?parent=10"}],"curies":[{"name":"wp","href":"https:\/\/api.w.org\/{rel}","templated":true}]}}